{"id":657,"date":"2025-09-04T17:27:55","date_gmt":"2025-09-04T15:27:55","guid":{"rendered":"https:\/\/ceutanautic.com\/mentions-legales\/"},"modified":"2025-09-22T11:03:35","modified_gmt":"2025-09-22T09:03:35","slug":"mentions-legales","status":"publish","type":"page","link":"https:\/\/ceutanautic.com\/fr\/mentions-legales\/","title":{"rendered":"Mentions l\u00e9gales"},"content":{"rendered":"\t\t<div data-elementor-type=\"wp-page\" data-elementor-id=\"657\" class=\"elementor elementor-657 elementor-93\" data-elementor-post-type=\"page\">\n\t\t\t\t<div class=\"elementor-element elementor-element-6ba80f18 e-flex e-con-boxed e-con e-parent\" data-id=\"6ba80f18\" data-element_type=\"container\" data-e-type=\"container\">\n\t\t\t\t\t<div class=\"e-con-inner\">\n\t\t\t\t<div class=\"elementor-element elementor-element-5abd8c0c elementor-widget elementor-widget-text-editor\" data-id=\"5abd8c0c\" data-element_type=\"widget\" data-e-type=\"widget\" data-widget_type=\"text-editor.default\">\n\t\t\t\t\t\t\t\t\t<p>Le fait d&rsquo;acc\u00e9der \u00e0 ce site web implique la connaissance et l&rsquo;acceptation des conditions g\u00e9n\u00e9rales suivantes et attribue la condition d&rsquo;utilisateur du web et l&rsquo;acc\u00e8s \u00e0 celui-ci implique son acceptation sans r\u00e9serve. Si l&rsquo;utilisateur n&rsquo;accepte pas les clauses \u00e9tablies dans les pr\u00e9sentes mentions l\u00e9gales, il doit s&rsquo;abstenir d&rsquo;acc\u00e9der et\/ou d&rsquo;utiliser les services et\/ou les contenus mis \u00e0 sa disposition sur la page, et doit la quitter. <\/p>\t\t\t\t\t\t\t\t<\/div>\n\t\t\t\t<div class=\"elementor-element elementor-element-57a775f4 elementor-widget elementor-widget-heading\" data-id=\"57a775f4\" data-element_type=\"widget\" data-e-type=\"widget\" data-widget_type=\"heading.default\">\n\t\t\t\t\t<h4 class=\"elementor-heading-title elementor-size-default\">Titularit\u00e9 du site web <\/h4>\t\t\t\t<\/div>\n\t\t\t\t<div class=\"elementor-element elementor-element-74426e24 elementor-widget elementor-widget-text-editor\" data-id=\"74426e24\" data-element_type=\"widget\" data-e-type=\"widget\" data-widget_type=\"text-editor.default\">\n\t\t\t\t\t\t\t\t\t<p>Marina H\u00e9rcules S.A., en cumplimiento de lo establecido en el Art. 10 de la Ley 34\/2002, de 11 de julio, de Servicios de la Sociedad de la Informaci\u00f3n y Comercio Electr\u00f3nico (LSSI-CE), le informa de los datos identificativos relativos al sitio web <strong>ceutanautic.com<\/strong>.<\/p><p>D\u00c9NOMINATION SOCIALE : Marina H\u00e9rcules S.A.<br>DOMICILE SOCIAL : Avda. Juan Pablo II, S\/N, Ceuta 57007<br>T\u00c9L\u00c9PHONE : 956.525.001<br>NIF : A 51013514<br>COURRIEL G\u00c9N\u00c9RAL : info@ceutanautic.com <\/p>\t\t\t\t\t\t\t\t<\/div>\n\t\t\t\t<div class=\"elementor-element elementor-element-3ad0a287 elementor-widget-divider--view-line elementor-widget elementor-widget-divider\" data-id=\"3ad0a287\" data-element_type=\"widget\" data-e-type=\"widget\" data-widget_type=\"divider.default\">\n\t\t\t\t\t\t\t<div class=\"elementor-divider\">\n\t\t\t<span class=\"elementor-divider-separator\">\n\t\t\t\t\t\t<\/span>\n\t\t<\/div>\n\t\t\t\t\t\t<\/div>\n\t\t\t\t<div class=\"elementor-element elementor-element-4cbc8a1d elementor-widget elementor-widget-heading\" data-id=\"4cbc8a1d\" data-element_type=\"widget\" data-e-type=\"widget\" data-widget_type=\"heading.default\">\n\t\t\t\t\t<h2 class=\"elementor-heading-title elementor-size-default\">Conditions d'utilisation<\/h2>\t\t\t\t<\/div>\n\t\t\t\t<div class=\"elementor-element elementor-element-455df5d2 elementor-widget elementor-widget-heading\" data-id=\"455df5d2\" data-element_type=\"widget\" data-e-type=\"widget\" data-widget_type=\"heading.default\">\n\t\t\t\t\t<h4 class=\"elementor-heading-title elementor-size-default\">Utilisateurs<\/h4>\t\t\t\t<\/div>\n\t\t\t\t<div class=\"elementor-element elementor-element-79f0767d elementor-widget elementor-widget-text-editor\" data-id=\"79f0767d\" data-element_type=\"widget\" data-e-type=\"widget\" data-widget_type=\"text-editor.default\">\n\t\t\t\t\t\t\t\t\t<p>L&rsquo;acc\u00e8s et\/ou l&rsquo;utilisation de ce portail de <strong>Marina H\u00e9rcules<\/strong> attribue la condition d&rsquo;UTILISATEUR, qui accepte, d\u00e8s cet acc\u00e8s et\/ou cette utilisation, les Conditions G\u00e9n\u00e9rales d&rsquo;Utilisation ici refl\u00e9t\u00e9es. Lesdites Conditions seront applicables ind\u00e9pendamment des Conditions G\u00e9n\u00e9rales de Contrat qui, le cas \u00e9ch\u00e9ant, seraient d&rsquo;application obligatoire. <\/p>\t\t\t\t\t\t\t\t<\/div>\n\t\t\t\t<div class=\"elementor-element elementor-element-9527564 elementor-widget elementor-widget-heading\" data-id=\"9527564\" data-element_type=\"widget\" data-e-type=\"widget\" data-widget_type=\"heading.default\">\n\t\t\t\t\t<h4 class=\"elementor-heading-title elementor-size-default\">Utilisation du web<\/h4>\t\t\t\t<\/div>\n\t\t\t\t<div class=\"elementor-element elementor-element-12209779 elementor-widget elementor-widget-text-editor\" data-id=\"12209779\" data-element_type=\"widget\" data-e-type=\"widget\" data-widget_type=\"text-editor.default\">\n\t\t\t\t\t\t\t\t\t<p>Ceutanautic.com fournit l&rsquo;acc\u00e8s \u00e0 une multitude d&rsquo;informations, de services ou de donn\u00e9es (ci-apr\u00e8s, \u00ab les contenus \u00bb) sur Internet appartenant \u00e0 <b>Marina H\u00e9rcules<\/b> auxquels l&rsquo;UTILISATEUR peut avoir acc\u00e8s. L&rsquo;UTILISATEUR assume la responsabilit\u00e9 de l&rsquo;utilisation du portail. Cette responsabilit\u00e9 s&rsquo;\u00e9tend \u00e0 l&rsquo;enregistrement qui serait n\u00e9cessaire pour acc\u00e9der \u00e0 certains services ou contenus.  <\/p><p>Lors de cet enregistrement, l&rsquo;UTILISATEUR sera responsable de fournir des informations v\u00e9ridiques et licites. Suite \u00e0 cet enregistrement, une mot de passe peut \u00eatre fournie \u00e0 l&rsquo;UTILISATEUR, dont il sera responsable, s&rsquo;engageant \u00e0 en faire un usage diligent et confidentiel. L&rsquo;UTILISATEUR s&rsquo;engage \u00e0 faire un usage appropri\u00e9 des contenus et services (comme par exemple les services de chat, les forums de discussion ou les groupes de discussion) que <strong>Marina H\u00e9rcules<\/strong> propose \u00e0 travers son portail et, \u00e0 titre \u00e9nonciatif mais non limitatif, \u00e0 ne pas les utiliser pour (I) se livrer \u00e0 des activit\u00e9s illicites, ill\u00e9gales ou contraires \u00e0 la bonne foi et \u00e0 l&rsquo;ordre public ; (II) diffuser des contenus ou de la propagande \u00e0 caract\u00e8re raciste, x\u00e9nophobe, pornographique-ill\u00e9gal, faisant l&rsquo;apologie du terrorisme ou portant atteinte aux droits humains ; (III) provoquer des dommages sur les syst\u00e8mes physiques et logiques de <strong>Marina H\u00e9rcules<\/strong>, de ses fournisseurs ou de tiers, introduire ou diffuser sur le r\u00e9seau des virus informatiques ou tout autre syst\u00e8me physique ou logique susceptible de provoquer les dommages mentionn\u00e9s pr\u00e9c\u00e9demment ; (IV) tenter d&rsquo;acc\u00e9der et, le cas \u00e9ch\u00e9ant, d&rsquo;utiliser les comptes de courrier \u00e9lectronique d&rsquo;autres utilisateurs et de modifier ou de manipuler leurs messages.     <\/p><p><strong>Marina H\u00e9rcules<\/strong> se r\u00e9serve le droit de retirer tous les commentaires et contributions qui porteraient atteinte au respect de la dignit\u00e9 de la personne, qui seraient discriminatoires, x\u00e9nophobes, racistes, pornographiques, qui porteraient atteinte \u00e0 la jeunesse ou \u00e0 l&rsquo;enfance, \u00e0 l&rsquo;ordre ou \u00e0 la s\u00e9curit\u00e9 publique ou qui, \u00e0 son avis, ne seraient pas appropri\u00e9s pour leur publication. En tout \u00e9tat de cause, <strong>Marina H\u00e9rcules<\/strong> ne sera pas responsable des opinions exprim\u00e9es par les utilisateurs \u00e0 travers les forums, les chats ou d&rsquo;autres outils de participation. <\/p>\t\t\t\t\t\t\t\t<\/div>\n\t\t\t\t<div class=\"elementor-element elementor-element-2f82ba53 elementor-widget elementor-widget-heading\" data-id=\"2f82ba53\" data-element_type=\"widget\" data-e-type=\"widget\" data-widget_type=\"heading.default\">\n\t\t\t\t\t<h4 class=\"elementor-heading-title elementor-size-default\">Propri\u00e9t\u00e9 intellectuelle et industrielle<\/h4>\t\t\t\t<\/div>\n\t\t\t\t<div class=\"elementor-element elementor-element-336ef7a7 elementor-widget elementor-widget-text-editor\" data-id=\"336ef7a7\" data-element_type=\"widget\" data-e-type=\"widget\" data-widget_type=\"text-editor.default\">\n\t\t\t\t\t\t\t\t\t<p><strong>Marina H\u00e9rcules<\/strong>, par elle-m\u00eame ou en tant que cessionnaire, est titulaire de tous les droits de propri\u00e9t\u00e9 intellectuelle et industrielle de sa page web, ainsi que des \u00e9l\u00e9ments contenus dans celle-ci (\u00e0 titre \u00e9nonciatif, images, son, audio, vid\u00e9o, logiciels ou textes ; marques ou logos, combinaisons de couleurs, structure et design, s\u00e9lection des mat\u00e9riaux utilis\u00e9s, programmes informatiques n\u00e9cessaires \u00e0 son fonctionnement, acc\u00e8s et utilisation, etc.), propri\u00e9t\u00e9 de <strong>Marina H\u00e9rcules<\/strong> ou bien de ses conc\u00e9dants de licence.<\/p><p><strong>Tous droits r\u00e9serv\u00e9s :<\/strong> En vertu des dispositions des articles 8 et 32.1, alin\u00e9a 2, de la loi sur la propri\u00e9t\u00e9 intellectuelle, la reproduction, la distribution et la communication publique, y compris sa modalit\u00e9 de mise \u00e0 disposition, de tout ou partie des contenus de cette page web, \u00e0 des fins commerciales, sur tout support et par tout moyen technique, sans l&rsquo;autorisation de <strong>Marina H\u00e9rcules<\/strong>, sont express\u00e9ment interdites. L&rsquo;UTILISATEUR s&rsquo;engage \u00e0 respecter les droits de propri\u00e9t\u00e9 intellectuelle et industrielle d\u00e9tenus par <strong>Marina H\u00e9rcules<\/strong>. Il pourra visualiser les \u00e9l\u00e9ments du portail et m\u00eame les imprimer, les copier et les stocker sur le disque dur de son ordinateur ou sur tout autre support physique, \u00e0 condition que ce soit, uniquement et exclusivement, pour son usage personnel et priv\u00e9. L&rsquo;UTILISATEUR devra s&rsquo;abstenir de supprimer, d&rsquo;alt\u00e9rer, d&rsquo;\u00e9luder ou de manipuler tout dispositif de protection ou syst\u00e8me de s\u00e9curit\u00e9 qui serait install\u00e9 sur les pages de <strong>Marina H\u00e9rcules<\/strong>.   <\/p>\t\t\t\t\t\t\t\t<\/div>\n\t\t\t\t<div class=\"elementor-element elementor-element-197cb513 elementor-widget elementor-widget-heading\" data-id=\"197cb513\" data-element_type=\"widget\" data-e-type=\"widget\" data-widget_type=\"heading.default\">\n\t\t\t\t\t<h4 class=\"elementor-heading-title elementor-size-default\">Exclusion de garanties et de responsabilit\u00e9<\/h4>\t\t\t\t<\/div>\n\t\t\t\t<div class=\"elementor-element elementor-element-79f7cae9 elementor-widget elementor-widget-text-editor\" data-id=\"79f7cae9\" data-element_type=\"widget\" data-e-type=\"widget\" data-widget_type=\"text-editor.default\">\n\t\t\t\t\t\t\t\t\t<p><strong>Marina H\u00e9rcules<\/strong> ne se rend pas responsable, en aucun cas, des dommages et pr\u00e9judices de toute nature qui pourraient \u00eatre occasionn\u00e9s, \u00e0 titre \u00e9nonciatif : erreurs ou omissions dans les contenus, manque de disponibilit\u00e9 du portail ou la transmission de virus ou de programmes malveillants ou nuisibles dans les contenus, bien qu&rsquo;elle ait adopt\u00e9 toutes les mesures technologiques n\u00e9cessaires pour l&rsquo;\u00e9viter.<\/p>\t\t\t\t\t\t\t\t<\/div>\n\t\t\t\t<div class=\"elementor-element elementor-element-7866afa5 elementor-widget elementor-widget-heading\" data-id=\"7866afa5\" data-element_type=\"widget\" data-e-type=\"widget\" data-widget_type=\"heading.default\">\n\t\t\t\t\t<h4 class=\"elementor-heading-title elementor-size-default\">Modifications<\/h4>\t\t\t\t<\/div>\n\t\t\t\t<div class=\"elementor-element elementor-element-464083f elementor-widget elementor-widget-text-editor\" data-id=\"464083f\" data-element_type=\"widget\" data-e-type=\"widget\" data-widget_type=\"text-editor.default\">\n\t\t\t\t\t\t\t\t\t<p><strong>Marina H\u00e9rcules<\/strong> se r\u00e9serve le droit d&rsquo;effectuer sans pr\u00e9avis les modifications qu&rsquo;elle jugera opportunes sur son portail, pouvant changer, supprimer ou ajouter aussi bien les contenus et les services qui sont fournis \u00e0 travers celui-ci que la forme sous laquelle ceux-ci apparaissent pr\u00e9sent\u00e9s ou localis\u00e9s sur son portail.<\/p>\t\t\t\t\t\t\t\t<\/div>\n\t\t\t\t<div class=\"elementor-element elementor-element-5e91c081 elementor-widget elementor-widget-heading\" data-id=\"5e91c081\" data-element_type=\"widget\" data-e-type=\"widget\" data-widget_type=\"heading.default\">\n\t\t\t\t\t<h4 class=\"elementor-heading-title elementor-size-default\">Liens<\/h4>\t\t\t\t<\/div>\n\t\t\t\t<div class=\"elementor-element elementor-element-422a4688 elementor-widget elementor-widget-text-editor\" data-id=\"422a4688\" data-element_type=\"widget\" data-e-type=\"widget\" data-widget_type=\"text-editor.default\">\n\t\t\t\t\t\t\t\t\t<p>Dans le cas o\u00f9 <strong>Marina H\u00e9rcules<\/strong> disposerait de liens ou d&rsquo;hyperliens vers d&rsquo;autres sites Internet, <strong>Marina H\u00e9rcules<\/strong> n&rsquo;exercera aucun type de contr\u00f4le sur lesdits sites et contenus. En aucun cas, <strong>Marina H\u00e9rcules<\/strong> n&rsquo;assumera aucune responsabilit\u00e9 pour les contenus d&rsquo;un lien appartenant \u00e0 un site web tiers, ni ne garantira la disponibilit\u00e9 technique, la qualit\u00e9, la fiabilit\u00e9, l&rsquo;exactitude, l&rsquo;\u00e9tendue, la v\u00e9racit\u00e9, la validit\u00e9 et la constitutionnalit\u00e9 de tout mat\u00e9riel ou information contenu dans aucun desdits hyperliens ou autres sites Internet. <\/p><p>De m\u00eame, l&rsquo;inclusion de ces connexions externes n&rsquo;impliquera aucun type d&rsquo;association, de fusion ou de participation avec les entit\u00e9s connect\u00e9es.<\/p>\t\t\t\t\t\t\t\t<\/div>\n\t\t\t\t<div class=\"elementor-element elementor-element-1c7be4be elementor-widget elementor-widget-heading\" data-id=\"1c7be4be\" data-element_type=\"widget\" data-e-type=\"widget\" data-widget_type=\"heading.default\">\n\t\t\t\t\t<h4 class=\"elementor-heading-title elementor-size-default\">Droit d'exclusion<\/h4>\t\t\t\t<\/div>\n\t\t\t\t<div class=\"elementor-element elementor-element-726f48a5 elementor-widget elementor-widget-text-editor\" data-id=\"726f48a5\" data-element_type=\"widget\" data-e-type=\"widget\" data-widget_type=\"text-editor.default\">\n\t\t\t\t\t\t\t\t\t<p><strong>Marina H\u00e9rcules<\/strong> se r\u00e9serve le droit de refuser ou de retirer l&rsquo;acc\u00e8s au portail et\/ou aux services offerts sans n\u00e9cessit\u00e9 de pr\u00e9avis, \u00e0 sa propre demande ou \u00e0 celle d&rsquo;un tiers, aux utilisateurs qui ne respecteraient pas les pr\u00e9sentes Conditions G\u00e9n\u00e9rales d&rsquo;Utilisation.<\/p>\t\t\t\t\t\t\t\t<\/div>\n\t\t\t\t<div class=\"elementor-element elementor-element-20dc7bd elementor-widget__width-initial elementor-widget elementor-widget-heading\" data-id=\"20dc7bd\" data-element_type=\"widget\" data-e-type=\"widget\" data-widget_type=\"heading.default\">\n\t\t\t\t\t<h4 class=\"elementor-heading-title elementor-size-default\">G\u00e9n\u00e9ralit\u00e9s<\/h4>\t\t\t\t<\/div>\n\t\t\t\t<div class=\"elementor-element elementor-element-432e090a elementor-widget elementor-widget-text-editor\" data-id=\"432e090a\" data-element_type=\"widget\" data-e-type=\"widget\" data-widget_type=\"text-editor.default\">\n\t\t\t\t\t\t\t\t\t<p><strong>Marina H\u00e9rcules<\/strong> poursuivra le non-respect des pr\u00e9sentes conditions, ainsi que toute utilisation abusive de son portail, en exer\u00e7ant toutes les actions civiles et p\u00e9nales qui pourraient lui correspondre en droit.<\/p>\t\t\t\t\t\t\t\t<\/div>\n\t\t\t\t<div class=\"elementor-element elementor-element-5fb96061 elementor-widget elementor-widget-heading\" data-id=\"5fb96061\" data-element_type=\"widget\" data-e-type=\"widget\" data-widget_type=\"heading.default\">\n\t\t\t\t\t<h4 class=\"elementor-heading-title elementor-size-default\">Modification des pr\u00e9sentes conditions et dur\u00e9e<\/h4>\t\t\t\t<\/div>\n\t\t\t\t<div class=\"elementor-element elementor-element-6b31feb1 elementor-widget elementor-widget-text-editor\" data-id=\"6b31feb1\" data-element_type=\"widget\" data-e-type=\"widget\" data-widget_type=\"text-editor.default\">\n\t\t\t\t\t\t\t\t\t<p><strong>Marina H\u00e9rcules<\/strong> pourra modifier \u00e0 tout moment les conditions ici d\u00e9termin\u00e9es, celles-ci \u00e9tant d\u00fbment publi\u00e9es telles qu&rsquo;elles apparaissent ici.<\/p><p>La validit\u00e9 desdites conditions sera fonction de leur exposition et elles seront en vigueur jusqu&rsquo;\u00e0 ce qu&rsquo;elles soient modifi\u00e9es par d&rsquo;autres d\u00fbment publi\u00e9es.<\/p>\t\t\t\t\t\t\t\t<\/div>\n\t\t\t\t<div class=\"elementor-element elementor-element-125ce3b8 elementor-widget elementor-widget-heading\" data-id=\"125ce3b8\" data-element_type=\"widget\" data-e-type=\"widget\" data-widget_type=\"heading.default\">\n\t\t\t\t\t<h4 class=\"elementor-heading-title elementor-size-default\">L\u00e9gislation applicable et juridiction<\/h4>\t\t\t\t<\/div>\n\t\t\t\t<div class=\"elementor-element elementor-element-c93b1d6 elementor-widget elementor-widget-text-editor\" data-id=\"c93b1d6\" data-element_type=\"widget\" data-e-type=\"widget\" data-widget_type=\"text-editor.default\">\n\t\t\t\t\t\t\t\t\t<p>Les termes et conditions qui r\u00e9gissent ce site web, ainsi que les relations qui pourraient en d\u00e9couler, sont prot\u00e9g\u00e9s et soumis \u00e0 la l\u00e9gislation espagnole. Pour la r\u00e9solution de tout type de controverse, litige ou d\u00e9saccord qui pourrait survenir entre l&rsquo;UTILISATEUR et <strong>Marina H\u00e9rcules<\/strong> en raison de l&rsquo;utilisation de ce site web, il est convenu de soumettre ceux-ci aux Juges et Tribunaux de Ceuta, Espagne. <\/p>\t\t\t\t\t\t\t\t<\/div>\n\t\t\t\t\t<\/div>\n\t\t\t\t<\/div>\n\t\t\t\t<\/div>\n\t\t","protected":false},"excerpt":{"rendered":"<p>Le fait d&rsquo;acc\u00e9der \u00e0 ce site web implique la connaissance et l&rsquo;acceptation des conditions g\u00e9n\u00e9rales suivantes et attribue la condition d&rsquo;utilisateur du web et l&rsquo;acc\u00e8s \u00e0 celui-ci implique son acceptation sans r\u00e9serve. Si l&rsquo;utilisateur n&rsquo;accepte pas les clauses \u00e9tablies dans les pr\u00e9sentes mentions l\u00e9gales, il doit s&rsquo;abstenir d&rsquo;acc\u00e9der et\/ou d&rsquo;utiliser les services et\/ou les contenus [&hellip;]<\/p>\n","protected":false},"author":1,"featured_media":0,"parent":0,"menu_order":0,"comment_status":"closed","ping_status":"closed","template":"","meta":{"footnotes":""},"class_list":["post-657","page","type-page","status-publish","hentry"],"yoast_head":"<!-- This site is optimized with the Yoast SEO plugin v27.3 - https:\/\/yoast.com\/product\/yoast-seo-wordpress\/ -->\n<title>Mentions l\u00e9gales - Ceuta Nautic Center<\/title>\n<meta name=\"robots\" content=\"noindex, nofollow\" \/>\n<meta property=\"og:locale\" content=\"fr_FR\" \/>\n<meta property=\"og:type\" content=\"article\" \/>\n<meta property=\"og:title\" content=\"Mentions l\u00e9gales - Ceuta Nautic Center\" \/>\n<meta property=\"og:description\" content=\"Le fait d&rsquo;acc\u00e9der \u00e0 ce site web implique la connaissance et l&rsquo;acceptation des conditions g\u00e9n\u00e9rales suivantes et attribue la condition d&rsquo;utilisateur du web et l&rsquo;acc\u00e8s \u00e0 celui-ci implique son acceptation sans r\u00e9serve. Si l&rsquo;utilisateur n&rsquo;accepte pas les clauses \u00e9tablies dans les pr\u00e9sentes mentions l\u00e9gales, il doit s&rsquo;abstenir d&rsquo;acc\u00e9der et\/ou d&rsquo;utiliser les services et\/ou les contenus [&hellip;]\" \/>\n<meta property=\"og:url\" content=\"https:\/\/ceutanautic.com\/fr\/mentions-legales\/\" \/>\n<meta property=\"og:site_name\" content=\"Ceuta Nautic Center\" \/>\n<meta property=\"article:modified_time\" content=\"2025-09-22T09:03:35+00:00\" \/>\n<meta name=\"twitter:card\" content=\"summary_large_image\" \/>\n<meta name=\"twitter:label1\" content=\"Dur\u00e9e de lecture estim\u00e9e\" \/>\n\t<meta name=\"twitter:data1\" content=\"6 minutes\" \/>\n<script type=\"application\/ld+json\" class=\"yoast-schema-graph\">{\"@context\":\"https:\\\/\\\/schema.org\",\"@graph\":[{\"@type\":\"WebPage\",\"@id\":\"https:\\\/\\\/ceutanautic.com\\\/fr\\\/mentions-legales\\\/\",\"url\":\"https:\\\/\\\/ceutanautic.com\\\/fr\\\/mentions-legales\\\/\",\"name\":\"Mentions l\u00e9gales - Ceuta Nautic Center\",\"isPartOf\":{\"@id\":\"https:\\\/\\\/ceutanautic.com\\\/fr\\\/#website\"},\"datePublished\":\"2025-09-04T15:27:55+00:00\",\"dateModified\":\"2025-09-22T09:03:35+00:00\",\"breadcrumb\":{\"@id\":\"https:\\\/\\\/ceutanautic.com\\\/fr\\\/mentions-legales\\\/#breadcrumb\"},\"inLanguage\":\"fr-FR\",\"potentialAction\":[{\"@type\":\"ReadAction\",\"target\":[\"https:\\\/\\\/ceutanautic.com\\\/fr\\\/mentions-legales\\\/\"]}]},{\"@type\":\"BreadcrumbList\",\"@id\":\"https:\\\/\\\/ceutanautic.com\\\/fr\\\/mentions-legales\\\/#breadcrumb\",\"itemListElement\":[{\"@type\":\"ListItem\",\"position\":1,\"name\":\"Portada\",\"item\":\"https:\\\/\\\/ceutanautic.com\\\/fr\\\/accueil\\\/\"},{\"@type\":\"ListItem\",\"position\":2,\"name\":\"Mentions l\u00e9gales\"}]},{\"@type\":\"WebSite\",\"@id\":\"https:\\\/\\\/ceutanautic.com\\\/fr\\\/#website\",\"url\":\"https:\\\/\\\/ceutanautic.com\\\/fr\\\/\",\"name\":\"Ceuta Nautic Center\",\"description\":\"Varadero de Ceuta en el coraz\u00f3n del estrecho\",\"publisher\":{\"@id\":\"https:\\\/\\\/ceutanautic.com\\\/fr\\\/#organization\"},\"potentialAction\":[{\"@type\":\"SearchAction\",\"target\":{\"@type\":\"EntryPoint\",\"urlTemplate\":\"https:\\\/\\\/ceutanautic.com\\\/fr\\\/?s={search_term_string}\"},\"query-input\":{\"@type\":\"PropertyValueSpecification\",\"valueRequired\":true,\"valueName\":\"search_term_string\"}}],\"inLanguage\":\"fr-FR\"},{\"@type\":\"Organization\",\"@id\":\"https:\\\/\\\/ceutanautic.com\\\/fr\\\/#organization\",\"name\":\"Ceuta Nautic Center\",\"url\":\"https:\\\/\\\/ceutanautic.com\\\/fr\\\/\",\"logo\":{\"@type\":\"ImageObject\",\"inLanguage\":\"fr-FR\",\"@id\":\"https:\\\/\\\/ceutanautic.com\\\/fr\\\/#\\\/schema\\\/logo\\\/image\\\/\",\"url\":\"https:\\\/\\\/ceutanautic.com\\\/wp-content\\\/uploads\\\/2025\\\/08\\\/Ceuta-nautic-center-final_LOGO-CEUTA-NAUTIC-CENTER.svg\",\"contentUrl\":\"https:\\\/\\\/ceutanautic.com\\\/wp-content\\\/uploads\\\/2025\\\/08\\\/Ceuta-nautic-center-final_LOGO-CEUTA-NAUTIC-CENTER.svg\",\"width\":365,\"height\":339,\"caption\":\"Ceuta Nautic Center\"},\"image\":{\"@id\":\"https:\\\/\\\/ceutanautic.com\\\/fr\\\/#\\\/schema\\\/logo\\\/image\\\/\"}}]}<\/script>\n<!-- \/ Yoast SEO plugin. -->","yoast_head_json":{"title":"Mentions l\u00e9gales - Ceuta Nautic Center","robots":{"index":"noindex","follow":"nofollow"},"og_locale":"fr_FR","og_type":"article","og_title":"Mentions l\u00e9gales - Ceuta Nautic Center","og_description":"Le fait d&rsquo;acc\u00e9der \u00e0 ce site web implique la connaissance et l&rsquo;acceptation des conditions g\u00e9n\u00e9rales suivantes et attribue la condition d&rsquo;utilisateur du web et l&rsquo;acc\u00e8s \u00e0 celui-ci implique son acceptation sans r\u00e9serve. Si l&rsquo;utilisateur n&rsquo;accepte pas les clauses \u00e9tablies dans les pr\u00e9sentes mentions l\u00e9gales, il doit s&rsquo;abstenir d&rsquo;acc\u00e9der et\/ou d&rsquo;utiliser les services et\/ou les contenus [&hellip;]","og_url":"https:\/\/ceutanautic.com\/fr\/mentions-legales\/","og_site_name":"Ceuta Nautic Center","article_modified_time":"2025-09-22T09:03:35+00:00","twitter_card":"summary_large_image","twitter_misc":{"Dur\u00e9e de lecture estim\u00e9e":"6 minutes"},"schema":{"@context":"https:\/\/schema.org","@graph":[{"@type":"WebPage","@id":"https:\/\/ceutanautic.com\/fr\/mentions-legales\/","url":"https:\/\/ceutanautic.com\/fr\/mentions-legales\/","name":"Mentions l\u00e9gales - Ceuta Nautic Center","isPartOf":{"@id":"https:\/\/ceutanautic.com\/fr\/#website"},"datePublished":"2025-09-04T15:27:55+00:00","dateModified":"2025-09-22T09:03:35+00:00","breadcrumb":{"@id":"https:\/\/ceutanautic.com\/fr\/mentions-legales\/#breadcrumb"},"inLanguage":"fr-FR","potentialAction":[{"@type":"ReadAction","target":["https:\/\/ceutanautic.com\/fr\/mentions-legales\/"]}]},{"@type":"BreadcrumbList","@id":"https:\/\/ceutanautic.com\/fr\/mentions-legales\/#breadcrumb","itemListElement":[{"@type":"ListItem","position":1,"name":"Portada","item":"https:\/\/ceutanautic.com\/fr\/accueil\/"},{"@type":"ListItem","position":2,"name":"Mentions l\u00e9gales"}]},{"@type":"WebSite","@id":"https:\/\/ceutanautic.com\/fr\/#website","url":"https:\/\/ceutanautic.com\/fr\/","name":"Ceuta Nautic Center","description":"Varadero de Ceuta en el coraz\u00f3n del estrecho","publisher":{"@id":"https:\/\/ceutanautic.com\/fr\/#organization"},"potentialAction":[{"@type":"SearchAction","target":{"@type":"EntryPoint","urlTemplate":"https:\/\/ceutanautic.com\/fr\/?s={search_term_string}"},"query-input":{"@type":"PropertyValueSpecification","valueRequired":true,"valueName":"search_term_string"}}],"inLanguage":"fr-FR"},{"@type":"Organization","@id":"https:\/\/ceutanautic.com\/fr\/#organization","name":"Ceuta Nautic Center","url":"https:\/\/ceutanautic.com\/fr\/","logo":{"@type":"ImageObject","inLanguage":"fr-FR","@id":"https:\/\/ceutanautic.com\/fr\/#\/schema\/logo\/image\/","url":"https:\/\/ceutanautic.com\/wp-content\/uploads\/2025\/08\/Ceuta-nautic-center-final_LOGO-CEUTA-NAUTIC-CENTER.svg","contentUrl":"https:\/\/ceutanautic.com\/wp-content\/uploads\/2025\/08\/Ceuta-nautic-center-final_LOGO-CEUTA-NAUTIC-CENTER.svg","width":365,"height":339,"caption":"Ceuta Nautic Center"},"image":{"@id":"https:\/\/ceutanautic.com\/fr\/#\/schema\/logo\/image\/"}}]}},"_links":{"self":[{"href":"https:\/\/ceutanautic.com\/fr\/wp-json\/wp\/v2\/pages\/657","targetHints":{"allow":["GET"]}}],"collection":[{"href":"https:\/\/ceutanautic.com\/fr\/wp-json\/wp\/v2\/pages"}],"about":[{"href":"https:\/\/ceutanautic.com\/fr\/wp-json\/wp\/v2\/types\/page"}],"author":[{"embeddable":true,"href":"https:\/\/ceutanautic.com\/fr\/wp-json\/wp\/v2\/users\/1"}],"replies":[{"embeddable":true,"href":"https:\/\/ceutanautic.com\/fr\/wp-json\/wp\/v2\/comments?post=657"}],"version-history":[{"count":1,"href":"https:\/\/ceutanautic.com\/fr\/wp-json\/wp\/v2\/pages\/657\/revisions"}],"predecessor-version":[{"id":658,"href":"https:\/\/ceutanautic.com\/fr\/wp-json\/wp\/v2\/pages\/657\/revisions\/658"}],"wp:attachment":[{"href":"https:\/\/ceutanautic.com\/fr\/wp-json\/wp\/v2\/media?parent=657"}],"curies":[{"name":"wp","href":"https:\/\/api.w.org\/{rel}","templated":true}]}}