{"id":597,"date":"2025-09-04T17:29:29","date_gmt":"2025-09-04T15:29:29","guid":{"rendered":"https:\/\/ceutanautic.com\/reservations\/"},"modified":"2026-04-13T14:30:44","modified_gmt":"2026-04-13T12:30:44","slug":"reservations","status":"publish","type":"page","link":"https:\/\/ceutanautic.com\/fr\/reservations\/","title":{"rendered":"R\u00e9servations"},"content":{"rendered":"\t\t<div data-elementor-type=\"wp-page\" data-elementor-id=\"597\" class=\"elementor elementor-597 elementor-107\" data-elementor-post-type=\"page\">\n\t\t\t\t<div class=\"elementor-element elementor-element-26a2282 e-con-full e-flex e-con e-parent\" data-id=\"26a2282\" data-element_type=\"container\" data-e-type=\"container\">\n\t\t<div class=\"elementor-element elementor-element-18c26d21 e-con-full e-flex e-con e-child\" data-id=\"18c26d21\" data-element_type=\"container\" data-e-type=\"container\">\n\t\t\t\t<div class=\"elementor-element elementor-element-2404a378 animated-slow elementor-invisible elementor-widget elementor-widget-heading\" data-id=\"2404a378\" data-element_type=\"widget\" data-e-type=\"widget\" data-settings=\"{&quot;_animation&quot;:&quot;fadeInLeft&quot;}\" data-widget_type=\"heading.default\">\n\t\t\t\t\t<h1 class=\"elementor-heading-title elementor-size-default\">R\u00e9servations Chantier naval<\/h1>\t\t\t\t<\/div>\n\t\t\t\t<div class=\"elementor-element elementor-element-58277198 elementor-button-align-stretch elementor-widget elementor-widget-form\" data-id=\"58277198\" data-element_type=\"widget\" data-e-type=\"widget\" data-settings=\"{&quot;button_width&quot;:&quot;25&quot;,&quot;button_width_mobile&quot;:&quot;50&quot;,&quot;step_next_label&quot;:&quot;Suivant&quot;,&quot;step_previous_label&quot;:&quot;Pr\\u00e9c\\u00e9dent&quot;,&quot;step_type&quot;:&quot;number_text&quot;,&quot;step_icon_shape&quot;:&quot;circle&quot;}\" data-widget_type=\"form.default\">\n\t\t\t\t\t\t\t<form class=\"elementor-form\" method=\"post\" name=\"Formulaire de r\u00e9servations\" aria-label=\"Formulaire de r\u00e9servations\">\n\t\t\t<input type=\"hidden\" name=\"post_id\" value=\"597\"\/>\n\t\t\t<input type=\"hidden\" name=\"form_id\" value=\"58277198\"\/>\n\t\t\t<input type=\"hidden\" name=\"referer_title\" value=\"R\u00e9servations - Ceuta Nautic Center\" \/>\n\n\t\t\t\t\t\t\t<input type=\"hidden\" name=\"queried_id\" value=\"597\"\/>\n\t\t\t\n\t\t\t<div class=\"elementor-form-fields-wrapper elementor-labels-above\">\n\t\t\t\t\t\t\t\t<div class=\"elementor-field-type-text elementor-field-group elementor-column elementor-field-group-name2 elementor-col-50 elementor-field-required\">\n\t\t\t\t\t\t\t\t\t\t\t\t<label for=\"form-field-name2\" class=\"elementor-field-label\">\n\t\t\t\t\t\t\t\tNom\t\t\t\t\t\t\t<\/label>\n\t\t\t\t\t\t\t\t\t\t\t\t\t\t<input size=\"1\" type=\"text\" name=\"form_fields[name2]\" id=\"form-field-name2\" class=\"elementor-field elementor-size-sm  elementor-field-textual\" placeholder=\"Nom\" required=\"required\">\n\t\t\t\t\t\t\t\t\t\t\t<\/div>\n\t\t\t\t\t\t\t\t<div class=\"elementor-field-type-text elementor-field-group elementor-column elementor-field-group-apellidos3 elementor-col-50 elementor-field-required\">\n\t\t\t\t\t\t\t\t\t\t\t\t<label for=\"form-field-apellidos3\" class=\"elementor-field-label\">\n\t\t\t\t\t\t\t\tNom(s) de famille\t\t\t\t\t\t\t<\/label>\n\t\t\t\t\t\t\t\t\t\t\t\t\t\t<input size=\"1\" type=\"text\" name=\"form_fields[apellidos3]\" id=\"form-field-apellidos3\" class=\"elementor-field elementor-size-sm  elementor-field-textual\" placeholder=\"Nom de famille\" required=\"required\">\n\t\t\t\t\t\t\t\t\t\t\t<\/div>\n\t\t\t\t\t\t\t\t<div class=\"elementor-field-type-tel elementor-field-group elementor-column elementor-field-group-phone elementor-col-50 elementor-field-required\">\n\t\t\t\t\t\t\t\t\t\t\t\t<label for=\"form-field-phone\" class=\"elementor-field-label\">\n\t\t\t\t\t\t\t\tT\u00e9l\u00e9phone\t\t\t\t\t\t\t<\/label>\n\t\t\t\t\t\t\t\t<input size=\"1\" type=\"tel\" name=\"form_fields[phone]\" id=\"form-field-phone\" class=\"elementor-field elementor-size-sm  elementor-field-textual\" placeholder=\"T\u00e9l\u00e9phone\" required=\"required\" pattern=\"[0-9()#&amp;+*-=.]+\" title=\"Seuls les caract\u00e8res de num\u00e9ros de t\u00e9l\u00e9phone (#, -, *, etc.) sont accept\u00e9s.\">\n\n\t\t\t\t\t\t<\/div>\n\t\t\t\t\t\t\t\t<div class=\"elementor-field-type-email elementor-field-group elementor-column elementor-field-group-email2 elementor-col-50 elementor-field-required\">\n\t\t\t\t\t\t\t\t\t\t\t\t<label for=\"form-field-email2\" class=\"elementor-field-label\">\n\t\t\t\t\t\t\t\tAdresse \u00e9lectronique\t\t\t\t\t\t\t<\/label>\n\t\t\t\t\t\t\t\t\t\t\t\t\t\t<input size=\"1\" type=\"email\" name=\"form_fields[email2]\" id=\"form-field-email2\" class=\"elementor-field elementor-size-sm  elementor-field-textual\" placeholder=\"E-mail\" required=\"required\">\n\t\t\t\t\t\t\t\t\t\t\t<\/div>\n\t\t\t\t\t\t\t\t<div class=\"elementor-field-type-select elementor-field-group elementor-column elementor-field-group-servicios elementor-col-100 elementor-field-required\">\n\t\t\t\t\t\t\t\t\t\t\t\t<label for=\"form-field-servicios\" class=\"elementor-field-label\">\n\t\t\t\t\t\t\t\tS\u00e9lectionnez votre service\t\t\t\t\t\t\t<\/label>\n\t\t\t\t\t\t\t\t<div class=\"elementor-field elementor-select-wrapper remove-before \">\n\t\t\t<div class=\"select-caret-down-wrapper\">\n\t\t\t\t<svg aria-hidden=\"true\" class=\"e-font-icon-svg e-eicon-caret-down\" viewBox=\"0 0 571.4 571.4\" xmlns=\"http:\/\/www.w3.org\/2000\/svg\"><path d=\"M571 393Q571 407 561 418L311 668Q300 679 286 679T261 668L11 418Q0 407 0 393T11 368 36 357H536Q550 357 561 368T571 393Z\"><\/path><\/svg>\t\t\t<\/div>\n\t\t\t<select name=\"form_fields[servicios]\" id=\"form-field-servicios\" class=\"elementor-field-textual elementor-size-sm\" required=\"required\">\n\t\t\t\t\t\t\t\t\t<option value=\"Choisissez votre service\">Choisissez votre service<\/option>\n\t\t\t\t\t\t\t\t\t<option value=\"R\u00e9parations\">R\u00e9parations<\/option>\n\t\t\t\t\t\t\t\t\t<option value=\"Grue ou Travelift\">Grue ou Travelift<\/option>\n\t\t\t\t\t\t\t\t\t<option value=\"Pi\u00e8ces de rechange\">Pi\u00e8ces de rechange<\/option>\n\t\t\t\t\t\t\t\t\t<option value=\"Camion Grue Nacelle\">Camion Grue Nacelle<\/option>\n\t\t\t\t\t\t\t\t\t<option value=\"Hivernage \">Hivernage <\/option>\n\t\t\t\t\t\t\t\t\t<option value=\"Maintenance\">Maintenance<\/option>\n\t\t\t\t\t\t\t<\/select>\n\t\t<\/div>\n\t\t\t\t\t\t<\/div>\n\t\t\t\t\t\t\t\t<div class=\"elementor-field-type-date elementor-field-group elementor-column elementor-field-group-fecha elementor-col-100 elementor-field-required\">\n\t\t\t\t\t\t\t\t\t\t\t\t<label for=\"form-field-fecha\" class=\"elementor-field-label\">\n\t\t\t\t\t\t\t\tDate souhait\u00e9e (pas encore confirm\u00e9e)\t\t\t\t\t\t\t<\/label>\n\t\t\t\t\t\t\n\t\t<input type=\"date\" name=\"form_fields[fecha]\" id=\"form-field-fecha\" class=\"elementor-field elementor-size-sm  elementor-field-textual elementor-date-field elementor-use-native\" placeholder=\"Choisissez la date\" required=\"required\" pattern=\"[0-9]{4}-[0-9]{2}-[0-9]{2}\">\n\t\t\t\t\t\t<\/div>\n\t\t\t\t\t\t\t\t<div class=\"elementor-field-type-textarea elementor-field-group elementor-column elementor-field-group-message2 elementor-col-100\">\n\t\t\t\t\t\t\t\t\t\t\t\t<label for=\"form-field-message2\" class=\"elementor-field-label\">\n\t\t\t\t\t\t\t\tMessage\t\t\t\t\t\t\t<\/label>\n\t\t\t\t\t\t<textarea class=\"elementor-field-textual elementor-field  elementor-size-sm\" name=\"form_fields[message2]\" id=\"form-field-message2\" rows=\"4\" placeholder=\"Commentaires suppl\u00e9mentaires\"><\/textarea>\t\t\t\t<\/div>\n\t\t\t\t\t\t\t\t<div class=\"elementor-field-type-acceptance elementor-field-group elementor-column elementor-field-group-field_da7fed0 elementor-col-100 elementor-field-required\">\n\t\t\t\t\t\t\t<div class=\"elementor-field-subgroup\">\n\t\t\t<span class=\"elementor-field-option\">\n\t\t\t\t<input type=\"checkbox\" name=\"form_fields[field_da7fed0]\" id=\"form-field-field_da7fed0\" class=\"elementor-field elementor-size-sm  elementor-acceptance-field\" required=\"required\">\n\t\t\t\t<label for=\"form-field-field_da7fed0\">J'ai lu et j'accepte la <a href=\"politica-de-privacidad\" target=\"_blank\">politique de confidentialit\u00e9<\/a> de Ceuta Nautic Center<\/label>\t\t\t<\/span>\n\t\t<\/div>\n\t\t\t\t\t\t<\/div>\n\t\t\t\t\t\t\t\t<div class=\"elementor-field-type-recaptcha_v3 elementor-field-group elementor-column elementor-field-group-field_373d730 elementor-col-100 recaptcha_v3-bottomleft\">\n\t\t\t\t\t<div class=\"elementor-field\" id=\"form-field-field_373d730\"><div class=\"elementor-g-recaptcha\" data-sitekey=\"6LfRj8wrAAAAAEnE--Qa6c_rIf2Ed_loCsYfjuzi\" data-type=\"v3\" data-action=\"Form\" data-badge=\"bottomleft\" data-size=\"invisible\"><\/div><\/div>\t\t\t\t<\/div>\n\t\t\t\t\t\t\t\t<div class=\"elementor-field-group elementor-column elementor-field-type-submit elementor-col-25 e-form__buttons elementor-sm-50\">\n\t\t\t\t\t<button class=\"elementor-button elementor-size-sm\" type=\"submit\">\n\t\t\t\t\t\t<span class=\"elementor-button-content-wrapper\">\n\t\t\t\t\t\t\t\t\t\t\t\t\t\t\t\t\t\t\t\t\t\t<span class=\"elementor-button-text\">Envoyer<\/span>\n\t\t\t\t\t\t\t\t\t\t\t\t\t<\/span>\n\t\t\t\t\t<\/button>\n\t\t\t\t<\/div>\n\t\t\t<\/div>\n\t\t<\/form>\n\t\t\t\t\t\t<\/div>\n\t\t\t\t<\/div>\n\t\t<div class=\"elementor-element elementor-element-793af2cc e-con-full e-flex e-con e-child\" data-id=\"793af2cc\" data-element_type=\"container\" data-e-type=\"container\" data-settings=\"{&quot;background_background&quot;:&quot;classic&quot;}\">\n\t\t\t\t<div class=\"elementor-element elementor-element-6003f42a elementor-widget elementor-widget-spacer\" data-id=\"6003f42a\" data-element_type=\"widget\" data-e-type=\"widget\" data-widget_type=\"spacer.default\">\n\t\t\t\t\t\t\t<div class=\"elementor-spacer\">\n\t\t\t<div class=\"elementor-spacer-inner\"><\/div>\n\t\t<\/div>\n\t\t\t\t\t\t<\/div>\n\t\t\t\t<\/div>\n\t\t\t\t<\/div>\n\t\t<div class=\"elementor-element elementor-element-36c9b896 e-flex e-con-boxed e-con e-parent\" data-id=\"36c9b896\" data-element_type=\"container\" data-e-type=\"container\" data-settings=\"{&quot;background_background&quot;:&quot;classic&quot;}\">\n\t\t\t\t\t<div class=\"e-con-inner\">\n\t\t<div class=\"elementor-element elementor-element-61065983 e-con-full e-flex e-con e-child\" data-id=\"61065983\" data-element_type=\"container\" data-e-type=\"container\">\n\t\t\t\t<div class=\"elementor-element elementor-element-33ee7ab9 elementor-widget elementor-widget-heading\" data-id=\"33ee7ab9\" data-element_type=\"widget\" data-e-type=\"widget\" data-widget_type=\"heading.default\">\n\t\t\t\t\t<h4 class=\"elementor-heading-title elementor-size-default\">Avez-vous besoin d\u2019informations pour un autre service ? <br> Prenez contact avec nous.<\/h4>\t\t\t\t<\/div>\n\t\t\t\t<div class=\"elementor-element elementor-element-5fe65e11 elementor-widget__width-inherit elementor-align-center elementor-widget elementor-widget-button\" data-id=\"5fe65e11\" data-element_type=\"widget\" data-e-type=\"widget\" data-widget_type=\"button.default\">\n\t\t\t\t\t\t\t\t\t\t<a class=\"elementor-button elementor-button-link elementor-size-sm\" href=\"https:\/\/ceutanautic.com\/fr\/contact\/\" target=\"_blank\">\n\t\t\t\t\t\t<span class=\"elementor-button-content-wrapper\">\n\t\t\t\t\t\t\t\t\t<span class=\"elementor-button-text\">contacter<\/span>\n\t\t\t\t\t<\/span>\n\t\t\t\t\t<\/a>\n\t\t\t\t\t\t\t\t<\/div>\n\t\t\t\t<\/div>\n\t\t\t\t\t<\/div>\n\t\t\t\t<\/div>\n\t\t\t\t<\/div>\n\t\t","protected":false},"excerpt":{"rendered":"<p>R\u00e9servez votre service de chantier naval chez Ceuta Nautic Center et profitez d&rsquo;une exp\u00e9rience unique en mer en ayant votre bateau au point.<\/p>\n","protected":false},"author":1,"featured_media":511,"parent":0,"menu_order":0,"comment_status":"closed","ping_status":"closed","template":"elementor_header_footer","meta":{"footnotes":""},"class_list":["post-597","page","type-page","status-publish","has-post-thumbnail","hentry"],"yoast_head":"<!-- This site is optimized with the Yoast SEO plugin v27.3 - https:\/\/yoast.com\/product\/yoast-seo-wordpress\/ -->\n<title>R\u00e9servations - Ceuta Nautic Center<\/title>\n<meta name=\"description\" content=\"R\u00e9servez votre service de chantier naval chez Ceuta Nautic Center et profitez d&#039;une exp\u00e9rience unique en mer en ayant votre bateau au point.\" \/>\n<meta name=\"robots\" content=\"index, follow, max-snippet:-1, max-image-preview:large, max-video-preview:-1\" \/>\n<link rel=\"canonical\" href=\"https:\/\/ceutanautic.com\/fr\/reservations\/\" \/>\n<meta property=\"og:locale\" content=\"fr_FR\" \/>\n<meta property=\"og:type\" content=\"article\" \/>\n<meta property=\"og:title\" content=\"R\u00e9servations - Ceuta Nautic Center\" \/>\n<meta property=\"og:description\" content=\"R\u00e9servez votre service de chantier naval chez Ceuta Nautic Center et profitez d&#039;une exp\u00e9rience unique en mer en ayant votre bateau au point.\" \/>\n<meta property=\"og:url\" content=\"https:\/\/ceutanautic.com\/fr\/reservations\/\" \/>\n<meta property=\"og:site_name\" content=\"Ceuta Nautic Center\" \/>\n<meta property=\"article:modified_time\" content=\"2026-04-13T12:30:44+00:00\" \/>\n<meta property=\"og:image\" content=\"https:\/\/ceutanautic.com\/wp-content\/uploads\/2025\/09\/Reservas-foto.jpg\" \/>\n\t<meta property=\"og:image:width\" content=\"873\" \/>\n\t<meta property=\"og:image:height\" content=\"744\" \/>\n\t<meta property=\"og:image:type\" content=\"image\/jpeg\" \/>\n<meta name=\"twitter:card\" content=\"summary_large_image\" \/>\n<script type=\"application\/ld+json\" class=\"yoast-schema-graph\">{\"@context\":\"https:\\\/\\\/schema.org\",\"@graph\":[{\"@type\":\"WebPage\",\"@id\":\"https:\\\/\\\/ceutanautic.com\\\/fr\\\/reservations\\\/\",\"url\":\"https:\\\/\\\/ceutanautic.com\\\/fr\\\/reservations\\\/\",\"name\":\"R\u00e9servations - Ceuta Nautic Center\",\"isPartOf\":{\"@id\":\"https:\\\/\\\/ceutanautic.com\\\/fr\\\/#website\"},\"primaryImageOfPage\":{\"@id\":\"https:\\\/\\\/ceutanautic.com\\\/fr\\\/reservations\\\/#primaryimage\"},\"image\":{\"@id\":\"https:\\\/\\\/ceutanautic.com\\\/fr\\\/reservations\\\/#primaryimage\"},\"thumbnailUrl\":\"https:\\\/\\\/ceutanautic.com\\\/wp-content\\\/uploads\\\/2025\\\/09\\\/Reservas-foto.jpg\",\"datePublished\":\"2025-09-04T15:29:29+00:00\",\"dateModified\":\"2026-04-13T12:30:44+00:00\",\"description\":\"R\u00e9servez votre service de chantier naval chez Ceuta Nautic Center et profitez d'une exp\u00e9rience unique en mer en ayant votre bateau au point.\",\"breadcrumb\":{\"@id\":\"https:\\\/\\\/ceutanautic.com\\\/fr\\\/reservations\\\/#breadcrumb\"},\"inLanguage\":\"fr-FR\",\"potentialAction\":[{\"@type\":\"ReadAction\",\"target\":[\"https:\\\/\\\/ceutanautic.com\\\/fr\\\/reservations\\\/\"]}]},{\"@type\":\"ImageObject\",\"inLanguage\":\"fr-FR\",\"@id\":\"https:\\\/\\\/ceutanautic.com\\\/fr\\\/reservations\\\/#primaryimage\",\"url\":\"https:\\\/\\\/ceutanautic.com\\\/wp-content\\\/uploads\\\/2025\\\/09\\\/Reservas-foto.jpg\",\"contentUrl\":\"https:\\\/\\\/ceutanautic.com\\\/wp-content\\\/uploads\\\/2025\\\/09\\\/Reservas-foto.jpg\",\"width\":873,\"height\":744,\"caption\":\"R\u00e9servations Chantier naval Ceuta Nautic Center\"},{\"@type\":\"BreadcrumbList\",\"@id\":\"https:\\\/\\\/ceutanautic.com\\\/fr\\\/reservations\\\/#breadcrumb\",\"itemListElement\":[{\"@type\":\"ListItem\",\"position\":1,\"name\":\"Portada\",\"item\":\"https:\\\/\\\/ceutanautic.com\\\/fr\\\/accueil\\\/\"},{\"@type\":\"ListItem\",\"position\":2,\"name\":\"R\u00e9servations\"}]},{\"@type\":\"WebSite\",\"@id\":\"https:\\\/\\\/ceutanautic.com\\\/fr\\\/#website\",\"url\":\"https:\\\/\\\/ceutanautic.com\\\/fr\\\/\",\"name\":\"Ceuta Nautic Center\",\"description\":\"Varadero de Ceuta en el coraz\u00f3n del estrecho\",\"publisher\":{\"@id\":\"https:\\\/\\\/ceutanautic.com\\\/fr\\\/#organization\"},\"potentialAction\":[{\"@type\":\"SearchAction\",\"target\":{\"@type\":\"EntryPoint\",\"urlTemplate\":\"https:\\\/\\\/ceutanautic.com\\\/fr\\\/?s={search_term_string}\"},\"query-input\":{\"@type\":\"PropertyValueSpecification\",\"valueRequired\":true,\"valueName\":\"search_term_string\"}}],\"inLanguage\":\"fr-FR\"},{\"@type\":\"Organization\",\"@id\":\"https:\\\/\\\/ceutanautic.com\\\/fr\\\/#organization\",\"name\":\"Ceuta Nautic Center\",\"url\":\"https:\\\/\\\/ceutanautic.com\\\/fr\\\/\",\"logo\":{\"@type\":\"ImageObject\",\"inLanguage\":\"fr-FR\",\"@id\":\"https:\\\/\\\/ceutanautic.com\\\/fr\\\/#\\\/schema\\\/logo\\\/image\\\/\",\"url\":\"https:\\\/\\\/ceutanautic.com\\\/wp-content\\\/uploads\\\/2025\\\/08\\\/Ceuta-nautic-center-final_LOGO-CEUTA-NAUTIC-CENTER.svg\",\"contentUrl\":\"https:\\\/\\\/ceutanautic.com\\\/wp-content\\\/uploads\\\/2025\\\/08\\\/Ceuta-nautic-center-final_LOGO-CEUTA-NAUTIC-CENTER.svg\",\"width\":365,\"height\":339,\"caption\":\"Ceuta Nautic Center\"},\"image\":{\"@id\":\"https:\\\/\\\/ceutanautic.com\\\/fr\\\/#\\\/schema\\\/logo\\\/image\\\/\"}}]}<\/script>\n<!-- \/ Yoast SEO plugin. -->","yoast_head_json":{"title":"R\u00e9servations - Ceuta Nautic Center","description":"R\u00e9servez votre service de chantier naval chez Ceuta Nautic Center et profitez d'une exp\u00e9rience unique en mer en ayant votre bateau au point.","robots":{"index":"index","follow":"follow","max-snippet":"max-snippet:-1","max-image-preview":"max-image-preview:large","max-video-preview":"max-video-preview:-1"},"canonical":"https:\/\/ceutanautic.com\/fr\/reservations\/","og_locale":"fr_FR","og_type":"article","og_title":"R\u00e9servations - Ceuta Nautic Center","og_description":"R\u00e9servez votre service de chantier naval chez Ceuta Nautic Center et profitez d'une exp\u00e9rience unique en mer en ayant votre bateau au point.","og_url":"https:\/\/ceutanautic.com\/fr\/reservations\/","og_site_name":"Ceuta Nautic Center","article_modified_time":"2026-04-13T12:30:44+00:00","og_image":[{"width":873,"height":744,"url":"https:\/\/ceutanautic.com\/wp-content\/uploads\/2025\/09\/Reservas-foto.jpg","type":"image\/jpeg"}],"twitter_card":"summary_large_image","schema":{"@context":"https:\/\/schema.org","@graph":[{"@type":"WebPage","@id":"https:\/\/ceutanautic.com\/fr\/reservations\/","url":"https:\/\/ceutanautic.com\/fr\/reservations\/","name":"R\u00e9servations - Ceuta Nautic Center","isPartOf":{"@id":"https:\/\/ceutanautic.com\/fr\/#website"},"primaryImageOfPage":{"@id":"https:\/\/ceutanautic.com\/fr\/reservations\/#primaryimage"},"image":{"@id":"https:\/\/ceutanautic.com\/fr\/reservations\/#primaryimage"},"thumbnailUrl":"https:\/\/ceutanautic.com\/wp-content\/uploads\/2025\/09\/Reservas-foto.jpg","datePublished":"2025-09-04T15:29:29+00:00","dateModified":"2026-04-13T12:30:44+00:00","description":"R\u00e9servez votre service de chantier naval chez Ceuta Nautic Center et profitez d'une exp\u00e9rience unique en mer en ayant votre bateau au point.","breadcrumb":{"@id":"https:\/\/ceutanautic.com\/fr\/reservations\/#breadcrumb"},"inLanguage":"fr-FR","potentialAction":[{"@type":"ReadAction","target":["https:\/\/ceutanautic.com\/fr\/reservations\/"]}]},{"@type":"ImageObject","inLanguage":"fr-FR","@id":"https:\/\/ceutanautic.com\/fr\/reservations\/#primaryimage","url":"https:\/\/ceutanautic.com\/wp-content\/uploads\/2025\/09\/Reservas-foto.jpg","contentUrl":"https:\/\/ceutanautic.com\/wp-content\/uploads\/2025\/09\/Reservas-foto.jpg","width":873,"height":744,"caption":"R\u00e9servations Chantier naval Ceuta Nautic Center"},{"@type":"BreadcrumbList","@id":"https:\/\/ceutanautic.com\/fr\/reservations\/#breadcrumb","itemListElement":[{"@type":"ListItem","position":1,"name":"Portada","item":"https:\/\/ceutanautic.com\/fr\/accueil\/"},{"@type":"ListItem","position":2,"name":"R\u00e9servations"}]},{"@type":"WebSite","@id":"https:\/\/ceutanautic.com\/fr\/#website","url":"https:\/\/ceutanautic.com\/fr\/","name":"Ceuta Nautic Center","description":"Varadero de Ceuta en el coraz\u00f3n del estrecho","publisher":{"@id":"https:\/\/ceutanautic.com\/fr\/#organization"},"potentialAction":[{"@type":"SearchAction","target":{"@type":"EntryPoint","urlTemplate":"https:\/\/ceutanautic.com\/fr\/?s={search_term_string}"},"query-input":{"@type":"PropertyValueSpecification","valueRequired":true,"valueName":"search_term_string"}}],"inLanguage":"fr-FR"},{"@type":"Organization","@id":"https:\/\/ceutanautic.com\/fr\/#organization","name":"Ceuta Nautic Center","url":"https:\/\/ceutanautic.com\/fr\/","logo":{"@type":"ImageObject","inLanguage":"fr-FR","@id":"https:\/\/ceutanautic.com\/fr\/#\/schema\/logo\/image\/","url":"https:\/\/ceutanautic.com\/wp-content\/uploads\/2025\/08\/Ceuta-nautic-center-final_LOGO-CEUTA-NAUTIC-CENTER.svg","contentUrl":"https:\/\/ceutanautic.com\/wp-content\/uploads\/2025\/08\/Ceuta-nautic-center-final_LOGO-CEUTA-NAUTIC-CENTER.svg","width":365,"height":339,"caption":"Ceuta Nautic Center"},"image":{"@id":"https:\/\/ceutanautic.com\/fr\/#\/schema\/logo\/image\/"}}]}},"_links":{"self":[{"href":"https:\/\/ceutanautic.com\/fr\/wp-json\/wp\/v2\/pages\/597","targetHints":{"allow":["GET"]}}],"collection":[{"href":"https:\/\/ceutanautic.com\/fr\/wp-json\/wp\/v2\/pages"}],"about":[{"href":"https:\/\/ceutanautic.com\/fr\/wp-json\/wp\/v2\/types\/page"}],"author":[{"embeddable":true,"href":"https:\/\/ceutanautic.com\/fr\/wp-json\/wp\/v2\/users\/1"}],"replies":[{"embeddable":true,"href":"https:\/\/ceutanautic.com\/fr\/wp-json\/wp\/v2\/comments?post=597"}],"version-history":[{"count":3,"href":"https:\/\/ceutanautic.com\/fr\/wp-json\/wp\/v2\/pages\/597\/revisions"}],"predecessor-version":[{"id":759,"href":"https:\/\/ceutanautic.com\/fr\/wp-json\/wp\/v2\/pages\/597\/revisions\/759"}],"wp:featuredmedia":[{"embeddable":true,"href":"https:\/\/ceutanautic.com\/fr\/wp-json\/wp\/v2\/media\/511"}],"wp:attachment":[{"href":"https:\/\/ceutanautic.com\/fr\/wp-json\/wp\/v2\/media?parent=597"}],"curies":[{"name":"wp","href":"https:\/\/api.w.org\/{rel}","templated":true}]}}