{"id":591,"date":"2025-09-04T17:20:29","date_gmt":"2025-09-04T15:20:29","guid":{"rendered":"https:\/\/ceutanautic.com\/contact\/"},"modified":"2025-09-19T12:41:10","modified_gmt":"2025-09-19T10:41:10","slug":"contact","status":"publish","type":"page","link":"https:\/\/ceutanautic.com\/fr\/contact\/","title":{"rendered":"Contact"},"content":{"rendered":"\t\t<div data-elementor-type=\"wp-page\" data-elementor-id=\"591\" class=\"elementor elementor-591 elementor-78\" data-elementor-post-type=\"page\">\n\t\t\t\t<div class=\"elementor-element elementor-element-40efa933 e-con-full e-flex e-con e-parent\" data-id=\"40efa933\" data-element_type=\"container\" data-e-type=\"container\">\n\t\t<div class=\"elementor-element elementor-element-28949b34 e-con-full e-flex e-con e-child\" data-id=\"28949b34\" data-element_type=\"container\" data-e-type=\"container\">\n\t\t\t\t<div class=\"elementor-element elementor-element-60a66e23 animated-slow elementor-invisible elementor-widget elementor-widget-heading\" data-id=\"60a66e23\" data-element_type=\"widget\" data-e-type=\"widget\" data-settings=\"{&quot;_animation&quot;:&quot;fadeInLeft&quot;}\" data-widget_type=\"heading.default\">\n\t\t\t\t\t<h1 class=\"elementor-heading-title elementor-size-default\">Besoin de plus d'informations ?<\/h1>\t\t\t\t<\/div>\n\t\t\t\t<div class=\"elementor-element elementor-element-1379c348 elementor-widget elementor-widget-text-editor\" data-id=\"1379c348\" data-element_type=\"widget\" data-e-type=\"widget\" data-widget_type=\"text-editor.default\">\n\t\t\t\t\t\t\t\t\tN\u2019h\u00e9sitez pas \u00e0 nous appeler par t\u00e9l\u00e9phone&nbsp;:\t\t\t\t\t\t\t\t<\/div>\n\t\t\t\t<div class=\"elementor-element elementor-element-2c5b055e elementor-mobile-align-center elementor-icon-list--layout-traditional elementor-list-item-link-full_width elementor-widget elementor-widget-icon-list\" data-id=\"2c5b055e\" data-element_type=\"widget\" data-e-type=\"widget\" data-widget_type=\"icon-list.default\">\n\t\t\t\t\t\t\t<ul class=\"elementor-icon-list-items\">\n\t\t\t\t\t\t\t<li class=\"elementor-icon-list-item\">\n\t\t\t\t\t\t\t\t\t\t\t<a href=\"tel:+34956525001\" target=\"_blank\">\n\n\t\t\t\t\t\t\t\t\t\t\t\t<span class=\"elementor-icon-list-icon\">\n\t\t\t\t\t\t\t<svg aria-hidden=\"true\" class=\"e-font-icon-svg e-fas-phone-alt\" viewBox=\"0 0 512 512\" xmlns=\"http:\/\/www.w3.org\/2000\/svg\"><path d=\"M497.39 361.8l-112-48a24 24 0 0 0-28 6.9l-49.6 60.6A370.66 370.66 0 0 1 130.6 204.11l60.6-49.6a23.94 23.94 0 0 0 6.9-28l-48-112A24.16 24.16 0 0 0 122.6.61l-104 24A24 24 0 0 0 0 48c0 256.5 207.9 464 464 464a24 24 0 0 0 23.4-18.6l24-104a24.29 24.29 0 0 0-14.01-27.6z\"><\/path><\/svg>\t\t\t\t\t\t<\/span>\n\t\t\t\t\t\t\t\t\t\t<span class=\"elementor-icon-list-text\">+34 956 52 50 01<\/span>\n\t\t\t\t\t\t\t\t\t\t\t<\/a>\n\t\t\t\t\t\t\t\t\t<\/li>\n\t\t\t\t\t\t<\/ul>\n\t\t\t\t\t\t<\/div>\n\t\t\t\t<div class=\"elementor-element elementor-element-e52ce05 elementor-widget elementor-widget-text-editor\" data-id=\"e52ce05\" data-element_type=\"widget\" data-e-type=\"widget\" data-widget_type=\"text-editor.default\">\n\t\t\t\t\t\t\t\t\tOu remplissez le formulaire&nbsp;:\t\t\t\t\t\t\t\t<\/div>\n\t\t\t\t<div class=\"elementor-element elementor-element-24c9edd5 elementor-button-align-stretch elementor-widget elementor-widget-form\" data-id=\"24c9edd5\" data-element_type=\"widget\" data-e-type=\"widget\" data-settings=\"{&quot;button_width&quot;:&quot;25&quot;,&quot;button_width_mobile&quot;:&quot;50&quot;,&quot;step_next_label&quot;:&quot;Suivant&quot;,&quot;step_previous_label&quot;:&quot;Pr\\u00e9c\\u00e9dent&quot;,&quot;step_type&quot;:&quot;number_text&quot;,&quot;step_icon_shape&quot;:&quot;circle&quot;}\" data-widget_type=\"form.default\">\n\t\t\t\t\t\t\t<form class=\"elementor-form\" method=\"post\" name=\"Formulaire de contact\" aria-label=\"Formulaire de contact\">\n\t\t\t<input type=\"hidden\" name=\"post_id\" value=\"591\"\/>\n\t\t\t<input type=\"hidden\" name=\"form_id\" value=\"24c9edd5\"\/>\n\t\t\t<input type=\"hidden\" name=\"referer_title\" value=\"Ceuta Nautic Center\" \/>\n\n\t\t\t\n\t\t\t<div class=\"elementor-form-fields-wrapper elementor-labels-\">\n\t\t\t\t\t\t\t\t<div class=\"elementor-field-type-text elementor-field-group elementor-column elementor-field-group-nombre elementor-col-50 elementor-field-required\">\n\t\t\t\t\t\t\t\t\t\t\t\t<label for=\"form-field-nombre\" class=\"elementor-field-label elementor-screen-only\">\n\t\t\t\t\t\t\t\tNom\t\t\t\t\t\t\t<\/label>\n\t\t\t\t\t\t\t\t\t\t\t\t\t\t<input size=\"1\" type=\"text\" name=\"form_fields[nombre]\" id=\"form-field-nombre\" class=\"elementor-field elementor-size-sm  elementor-field-textual\" placeholder=\"Nom\" required=\"required\">\n\t\t\t\t\t\t\t\t\t\t\t<\/div>\n\t\t\t\t\t\t\t\t<div class=\"elementor-field-type-text elementor-field-group elementor-column elementor-field-group-apellidos2 elementor-col-50 elementor-field-required\">\n\t\t\t\t\t\t\t\t\t\t\t\t<label for=\"form-field-apellidos2\" class=\"elementor-field-label elementor-screen-only\">\n\t\t\t\t\t\t\t\tNom de famille\t\t\t\t\t\t\t<\/label>\n\t\t\t\t\t\t\t\t\t\t\t\t\t\t<input size=\"1\" type=\"text\" name=\"form_fields[apellidos2]\" id=\"form-field-apellidos2\" class=\"elementor-field elementor-size-sm  elementor-field-textual\" placeholder=\"Nom de famille\" required=\"required\">\n\t\t\t\t\t\t\t\t\t\t\t<\/div>\n\t\t\t\t\t\t\t\t<div class=\"elementor-field-type-tel elementor-field-group elementor-column elementor-field-group-telefono elementor-col-50 elementor-field-required\">\n\t\t\t\t\t\t\t\t\t\t\t\t<label for=\"form-field-telefono\" class=\"elementor-field-label elementor-screen-only\">\n\t\t\t\t\t\t\t\tT\u00e9l\u00e9phone\t\t\t\t\t\t\t<\/label>\n\t\t\t\t\t\t\t\t<input size=\"1\" type=\"tel\" name=\"form_fields[telefono]\" id=\"form-field-telefono\" class=\"elementor-field elementor-size-sm  elementor-field-textual\" placeholder=\"T\u00e9l\u00e9phone\" required=\"required\" pattern=\"[0-9()#&amp;+*-=.]+\" title=\"Seuls les caract\u00e8res de num\u00e9ros de t\u00e9l\u00e9phone (#, -, *, etc.) sont accept\u00e9s.\">\n\n\t\t\t\t\t\t<\/div>\n\t\t\t\t\t\t\t\t<div class=\"elementor-field-type-email elementor-field-group elementor-column elementor-field-group-correo elementor-col-50 elementor-field-required\">\n\t\t\t\t\t\t\t\t\t\t\t\t<label for=\"form-field-correo\" class=\"elementor-field-label elementor-screen-only\">\n\t\t\t\t\t\t\t\tAdresse e-mail\t\t\t\t\t\t\t<\/label>\n\t\t\t\t\t\t\t\t\t\t\t\t\t\t<input size=\"1\" type=\"email\" name=\"form_fields[correo]\" id=\"form-field-correo\" class=\"elementor-field elementor-size-sm  elementor-field-textual\" placeholder=\"Adresse e-mail\" required=\"required\">\n\t\t\t\t\t\t\t\t\t\t\t<\/div>\n\t\t\t\t\t\t\t\t<div class=\"elementor-field-type-text elementor-field-group elementor-column elementor-field-group-asunto1 elementor-col-100 elementor-field-required\">\n\t\t\t\t\t\t\t\t\t\t\t\t<label for=\"form-field-asunto1\" class=\"elementor-field-label elementor-screen-only\">\n\t\t\t\t\t\t\t\tObjet\t\t\t\t\t\t\t<\/label>\n\t\t\t\t\t\t\t\t\t\t\t\t\t\t<input size=\"1\" type=\"text\" name=\"form_fields[asunto1]\" id=\"form-field-asunto1\" class=\"elementor-field elementor-size-sm  elementor-field-textual\" placeholder=\"Objet\" required=\"required\">\n\t\t\t\t\t\t\t\t\t\t\t<\/div>\n\t\t\t\t\t\t\t\t<div class=\"elementor-field-type-textarea elementor-field-group elementor-column elementor-field-group-mensaje elementor-col-100 elementor-field-required\">\n\t\t\t\t\t\t\t\t\t\t\t\t<label for=\"form-field-mensaje\" class=\"elementor-field-label elementor-screen-only\">\n\t\t\t\t\t\t\t\tMessage\t\t\t\t\t\t\t<\/label>\n\t\t\t\t\t\t<textarea class=\"elementor-field-textual elementor-field  elementor-size-sm\" name=\"form_fields[mensaje]\" id=\"form-field-mensaje\" rows=\"4\" placeholder=\"Dites-nous comment nous pouvons vous aider\" required=\"required\"><\/textarea>\t\t\t\t<\/div>\n\t\t\t\t\t\t\t\t<div class=\"elementor-field-type-acceptance elementor-field-group elementor-column elementor-field-group-field_da7fed0 elementor-col-100 elementor-field-required\">\n\t\t\t\t\t\t\t\t\t\t\t\t<label for=\"form-field-field_da7fed0\" class=\"elementor-field-label elementor-screen-only\">\n\t\t\t\t\t\t\t\tAcceptation\t\t\t\t\t\t\t<\/label>\n\t\t\t\t\t\t\t\t<div class=\"elementor-field-subgroup\">\n\t\t\t<span class=\"elementor-field-option\">\n\t\t\t\t<input type=\"checkbox\" name=\"form_fields[field_da7fed0]\" id=\"form-field-field_da7fed0\" class=\"elementor-field elementor-size-sm  elementor-acceptance-field\" required=\"required\">\n\t\t\t\t<label for=\"form-field-field_da7fed0\">J\u2019ai lu et j\u2019accepte la <a href=\"politica-de-privacidad\" target=\"_blank\">politique de confidentialit\u00e9<\/a> de Ceuta Nautic Center<\/label>\t\t\t<\/span>\n\t\t<\/div>\n\t\t\t\t\t\t<\/div>\n\t\t\t\t\t\t\t\t<div class=\"elementor-field-type-recaptcha_v3 elementor-field-group elementor-column elementor-field-group-field_315dc87 elementor-col-100 recaptcha_v3-bottomleft\">\n\t\t\t\t\t<div class=\"elementor-field\" id=\"form-field-field_315dc87\"><div class=\"elementor-g-recaptcha\" data-sitekey=\"6LfRj8wrAAAAAEnE--Qa6c_rIf2Ed_loCsYfjuzi\" data-type=\"v3\" data-action=\"Form\" data-badge=\"bottomleft\" data-size=\"invisible\"><\/div><\/div>\t\t\t\t<\/div>\n\t\t\t\t\t\t\t\t<div class=\"elementor-field-group elementor-column elementor-field-type-submit elementor-col-25 e-form__buttons elementor-sm-50\">\n\t\t\t\t\t<button class=\"elementor-button elementor-size-sm\" type=\"submit\">\n\t\t\t\t\t\t<span class=\"elementor-button-content-wrapper\">\n\t\t\t\t\t\t\t\t\t\t\t\t\t\t\t\t\t\t\t\t\t\t<span class=\"elementor-button-text\">Envoyer<\/span>\n\t\t\t\t\t\t\t\t\t\t\t\t\t<\/span>\n\t\t\t\t\t<\/button>\n\t\t\t\t<\/div>\n\t\t\t<\/div>\n\t\t<\/form>\n\t\t\t\t\t\t<\/div>\n\t\t\t\t<\/div>\n\t\t<div class=\"elementor-element elementor-element-4cc33fc0 e-con-full e-flex e-con e-child\" data-id=\"4cc33fc0\" data-element_type=\"container\" data-e-type=\"container\" data-settings=\"{&quot;background_background&quot;:&quot;classic&quot;}\">\n\t\t\t\t<div class=\"elementor-element elementor-element-21e4ea6c elementor-widget elementor-widget-spacer\" data-id=\"21e4ea6c\" data-element_type=\"widget\" data-e-type=\"widget\" data-widget_type=\"spacer.default\">\n\t\t\t\t\t\t\t<div class=\"elementor-spacer\">\n\t\t\t<div class=\"elementor-spacer-inner\"><\/div>\n\t\t<\/div>\n\t\t\t\t\t\t<\/div>\n\t\t\t\t<\/div>\n\t\t\t\t<\/div>\n\t\t<div class=\"elementor-element elementor-element-91ef7f1 e-flex e-con-boxed e-con e-parent\" data-id=\"91ef7f1\" data-element_type=\"container\" data-e-type=\"container\" data-settings=\"{&quot;background_background&quot;:&quot;classic&quot;}\">\n\t\t\t\t\t<div class=\"e-con-inner\">\n\t\t<div class=\"elementor-element elementor-element-67088ae1 e-con-full e-flex e-con e-child\" data-id=\"67088ae1\" data-element_type=\"container\" data-e-type=\"container\">\n\t\t\t\t<div class=\"elementor-element elementor-element-142d8ac3 elementor-headline--style-highlight elementor-widget elementor-widget-animated-headline\" data-id=\"142d8ac3\" data-element_type=\"widget\" data-e-type=\"widget\" data-settings=\"{&quot;marker&quot;:&quot;underline&quot;,&quot;highlighted_text&quot;:&quot;groupe&quot;,&quot;headline_style&quot;:&quot;highlight&quot;,&quot;loop&quot;:&quot;yes&quot;,&quot;highlight_animation_duration&quot;:1200,&quot;highlight_iteration_delay&quot;:8000}\" data-widget_type=\"animated-headline.default\">\n\t\t\t\t\t\t\t<h3 class=\"elementor-headline\">\n\t\t\t\t\t<span class=\"elementor-headline-plain-text elementor-headline-text-wrapper\">Vous voulez d\u00e9couvrir tout ce que notre<\/span>\n\t\t\t\t<span class=\"elementor-headline-dynamic-wrapper elementor-headline-text-wrapper\">\n\t\t\t\t\t<span class=\"elementor-headline-dynamic-text elementor-headline-text-active\">groupe<\/span>\n\t\t\t\t<\/span>\n\t\t\t\t\t<span class=\"elementor-headline-plain-text elementor-headline-text-wrapper\">Nauplia Capital, a \u00e0 vous offrir&nbsp;?<\/span>\n\t\t\t\t\t<\/h3>\n\t\t\t\t\t\t<\/div>\n\t\t\t\t<div class=\"elementor-element elementor-element-62e4bf7b elementor-widget__width-inherit elementor-align-center elementor-widget elementor-widget-button\" data-id=\"62e4bf7b\" data-element_type=\"widget\" data-e-type=\"widget\" data-widget_type=\"button.default\">\n\t\t\t\t\t\t\t\t\t\t<a class=\"elementor-button elementor-button-link elementor-size-sm\" href=\"https:\/\/naupliacapital.com\/\" target=\"_blank\">\n\t\t\t\t\t\t<span class=\"elementor-button-content-wrapper\">\n\t\t\t\t\t\t\t\t\t<span class=\"elementor-button-text\">D\u00e9couvrez-le ici<\/span>\n\t\t\t\t\t<\/span>\n\t\t\t\t\t<\/a>\n\t\t\t\t\t\t\t\t<\/div>\n\t\t\t\t<\/div>\n\t\t\t\t\t<\/div>\n\t\t\t\t<\/div>\n\t\t\t\t<\/div>\n\t\t","protected":false},"excerpt":{"rendered":"<p>Besoin de plus d&rsquo;informations ? N\u2019h\u00e9sitez pas \u00e0 nous appeler par t\u00e9l\u00e9phone&nbsp;: +34 956 52 50 01 Ou remplissez le formulaire&nbsp;: Vous voulez d\u00e9couvrir tout ce que notre groupe Nauplia Capital, a \u00e0 vous offrir&nbsp;? D\u00e9couvrez-le ici<\/p>\n","protected":false},"author":1,"featured_media":509,"parent":0,"menu_order":0,"comment_status":"closed","ping_status":"closed","template":"elementor_header_footer","meta":{"footnotes":""},"class_list":["post-591","page","type-page","status-publish","has-post-thumbnail","hentry"],"yoast_head":"<!-- This site is optimized with the Yoast SEO plugin v27.3 - https:\/\/yoast.com\/product\/yoast-seo-wordpress\/ -->\n<title>Contact - Ceuta Nautic Center<\/title>\n<meta name=\"description\" content=\"Vous cherchez \u00e0 contacter Varadero Ceuta Nautic Center\u00a0? Appelez-nous ou remplissez le formulaire pour obtenir plus d\u2019informations et d\u2019assistance.\" \/>\n<meta name=\"robots\" content=\"index, follow, max-snippet:-1, max-image-preview:large, max-video-preview:-1\" \/>\n<link rel=\"canonical\" href=\"https:\/\/ceutanautic.com\/fr\/contact\/\" \/>\n<meta property=\"og:locale\" content=\"fr_FR\" \/>\n<meta property=\"og:type\" content=\"article\" \/>\n<meta property=\"og:title\" content=\"Contact - Ceuta Nautic Center\" \/>\n<meta property=\"og:description\" content=\"Vous cherchez \u00e0 contacter Varadero Ceuta Nautic Center\u00a0? Appelez-nous ou remplissez le formulaire pour obtenir plus d\u2019informations et d\u2019assistance.\" \/>\n<meta property=\"og:url\" content=\"https:\/\/ceutanautic.com\/fr\/contact\/\" \/>\n<meta property=\"og:site_name\" content=\"Ceuta Nautic Center\" \/>\n<meta property=\"article:modified_time\" content=\"2025-09-19T10:41:10+00:00\" \/>\n<meta property=\"og:image\" content=\"https:\/\/ceutanautic.com\/wp-content\/uploads\/2025\/09\/Contacto-foto.jpg\" \/>\n\t<meta property=\"og:image:width\" content=\"874\" \/>\n\t<meta property=\"og:image:height\" content=\"744\" \/>\n\t<meta property=\"og:image:type\" content=\"image\/jpeg\" \/>\n<meta name=\"twitter:card\" content=\"summary_large_image\" \/>\n<script type=\"application\/ld+json\" class=\"yoast-schema-graph\">{\"@context\":\"https:\\\/\\\/schema.org\",\"@graph\":[{\"@type\":\"WebPage\",\"@id\":\"https:\\\/\\\/ceutanautic.com\\\/fr\\\/contact\\\/\",\"url\":\"https:\\\/\\\/ceutanautic.com\\\/fr\\\/contact\\\/\",\"name\":\"Contact - Ceuta Nautic Center\",\"isPartOf\":{\"@id\":\"https:\\\/\\\/ceutanautic.com\\\/fr\\\/#website\"},\"primaryImageOfPage\":{\"@id\":\"https:\\\/\\\/ceutanautic.com\\\/fr\\\/contact\\\/#primaryimage\"},\"image\":{\"@id\":\"https:\\\/\\\/ceutanautic.com\\\/fr\\\/contact\\\/#primaryimage\"},\"thumbnailUrl\":\"https:\\\/\\\/ceutanautic.com\\\/wp-content\\\/uploads\\\/2025\\\/09\\\/Contacto-foto.jpg\",\"datePublished\":\"2025-09-04T15:20:29+00:00\",\"dateModified\":\"2025-09-19T10:41:10+00:00\",\"description\":\"Vous cherchez \u00e0 contacter Varadero Ceuta Nautic Center\u00a0? Appelez-nous ou remplissez le formulaire pour obtenir plus d\u2019informations et d\u2019assistance.\",\"breadcrumb\":{\"@id\":\"https:\\\/\\\/ceutanautic.com\\\/fr\\\/contact\\\/#breadcrumb\"},\"inLanguage\":\"fr-FR\",\"potentialAction\":[{\"@type\":\"ReadAction\",\"target\":[\"https:\\\/\\\/ceutanautic.com\\\/fr\\\/contact\\\/\"]}]},{\"@type\":\"ImageObject\",\"inLanguage\":\"fr-FR\",\"@id\":\"https:\\\/\\\/ceutanautic.com\\\/fr\\\/contact\\\/#primaryimage\",\"url\":\"https:\\\/\\\/ceutanautic.com\\\/wp-content\\\/uploads\\\/2025\\\/09\\\/Contacto-foto.jpg\",\"contentUrl\":\"https:\\\/\\\/ceutanautic.com\\\/wp-content\\\/uploads\\\/2025\\\/09\\\/Contacto-foto.jpg\",\"width\":874,\"height\":744,\"caption\":\"Contact Ceuta Nautic Center\"},{\"@type\":\"BreadcrumbList\",\"@id\":\"https:\\\/\\\/ceutanautic.com\\\/fr\\\/contact\\\/#breadcrumb\",\"itemListElement\":[{\"@type\":\"ListItem\",\"position\":1,\"name\":\"Portada\",\"item\":\"https:\\\/\\\/ceutanautic.com\\\/fr\\\/accueil\\\/\"},{\"@type\":\"ListItem\",\"position\":2,\"name\":\"Contact\"}]},{\"@type\":\"WebSite\",\"@id\":\"https:\\\/\\\/ceutanautic.com\\\/fr\\\/#website\",\"url\":\"https:\\\/\\\/ceutanautic.com\\\/fr\\\/\",\"name\":\"Ceuta Nautic Center\",\"description\":\"Varadero de Ceuta en el coraz\u00f3n del estrecho\",\"publisher\":{\"@id\":\"https:\\\/\\\/ceutanautic.com\\\/fr\\\/#organization\"},\"potentialAction\":[{\"@type\":\"SearchAction\",\"target\":{\"@type\":\"EntryPoint\",\"urlTemplate\":\"https:\\\/\\\/ceutanautic.com\\\/fr\\\/?s={search_term_string}\"},\"query-input\":{\"@type\":\"PropertyValueSpecification\",\"valueRequired\":true,\"valueName\":\"search_term_string\"}}],\"inLanguage\":\"fr-FR\"},{\"@type\":\"Organization\",\"@id\":\"https:\\\/\\\/ceutanautic.com\\\/fr\\\/#organization\",\"name\":\"Ceuta Nautic Center\",\"url\":\"https:\\\/\\\/ceutanautic.com\\\/fr\\\/\",\"logo\":{\"@type\":\"ImageObject\",\"inLanguage\":\"fr-FR\",\"@id\":\"https:\\\/\\\/ceutanautic.com\\\/fr\\\/#\\\/schema\\\/logo\\\/image\\\/\",\"url\":\"https:\\\/\\\/ceutanautic.com\\\/wp-content\\\/uploads\\\/2025\\\/08\\\/Ceuta-nautic-center-final_LOGO-CEUTA-NAUTIC-CENTER.svg\",\"contentUrl\":\"https:\\\/\\\/ceutanautic.com\\\/wp-content\\\/uploads\\\/2025\\\/08\\\/Ceuta-nautic-center-final_LOGO-CEUTA-NAUTIC-CENTER.svg\",\"width\":365,\"height\":339,\"caption\":\"Ceuta Nautic Center\"},\"image\":{\"@id\":\"https:\\\/\\\/ceutanautic.com\\\/fr\\\/#\\\/schema\\\/logo\\\/image\\\/\"}}]}<\/script>\n<!-- \/ Yoast SEO plugin. -->","yoast_head_json":{"title":"Contact - Ceuta Nautic Center","description":"Vous cherchez \u00e0 contacter Varadero Ceuta Nautic Center\u00a0? Appelez-nous ou remplissez le formulaire pour obtenir plus d\u2019informations et d\u2019assistance.","robots":{"index":"index","follow":"follow","max-snippet":"max-snippet:-1","max-image-preview":"max-image-preview:large","max-video-preview":"max-video-preview:-1"},"canonical":"https:\/\/ceutanautic.com\/fr\/contact\/","og_locale":"fr_FR","og_type":"article","og_title":"Contact - Ceuta Nautic Center","og_description":"Vous cherchez \u00e0 contacter Varadero Ceuta Nautic Center\u00a0? Appelez-nous ou remplissez le formulaire pour obtenir plus d\u2019informations et d\u2019assistance.","og_url":"https:\/\/ceutanautic.com\/fr\/contact\/","og_site_name":"Ceuta Nautic Center","article_modified_time":"2025-09-19T10:41:10+00:00","og_image":[{"width":874,"height":744,"url":"https:\/\/ceutanautic.com\/wp-content\/uploads\/2025\/09\/Contacto-foto.jpg","type":"image\/jpeg"}],"twitter_card":"summary_large_image","schema":{"@context":"https:\/\/schema.org","@graph":[{"@type":"WebPage","@id":"https:\/\/ceutanautic.com\/fr\/contact\/","url":"https:\/\/ceutanautic.com\/fr\/contact\/","name":"Contact - Ceuta Nautic Center","isPartOf":{"@id":"https:\/\/ceutanautic.com\/fr\/#website"},"primaryImageOfPage":{"@id":"https:\/\/ceutanautic.com\/fr\/contact\/#primaryimage"},"image":{"@id":"https:\/\/ceutanautic.com\/fr\/contact\/#primaryimage"},"thumbnailUrl":"https:\/\/ceutanautic.com\/wp-content\/uploads\/2025\/09\/Contacto-foto.jpg","datePublished":"2025-09-04T15:20:29+00:00","dateModified":"2025-09-19T10:41:10+00:00","description":"Vous cherchez \u00e0 contacter Varadero Ceuta Nautic Center\u00a0? Appelez-nous ou remplissez le formulaire pour obtenir plus d\u2019informations et d\u2019assistance.","breadcrumb":{"@id":"https:\/\/ceutanautic.com\/fr\/contact\/#breadcrumb"},"inLanguage":"fr-FR","potentialAction":[{"@type":"ReadAction","target":["https:\/\/ceutanautic.com\/fr\/contact\/"]}]},{"@type":"ImageObject","inLanguage":"fr-FR","@id":"https:\/\/ceutanautic.com\/fr\/contact\/#primaryimage","url":"https:\/\/ceutanautic.com\/wp-content\/uploads\/2025\/09\/Contacto-foto.jpg","contentUrl":"https:\/\/ceutanautic.com\/wp-content\/uploads\/2025\/09\/Contacto-foto.jpg","width":874,"height":744,"caption":"Contact Ceuta Nautic Center"},{"@type":"BreadcrumbList","@id":"https:\/\/ceutanautic.com\/fr\/contact\/#breadcrumb","itemListElement":[{"@type":"ListItem","position":1,"name":"Portada","item":"https:\/\/ceutanautic.com\/fr\/accueil\/"},{"@type":"ListItem","position":2,"name":"Contact"}]},{"@type":"WebSite","@id":"https:\/\/ceutanautic.com\/fr\/#website","url":"https:\/\/ceutanautic.com\/fr\/","name":"Ceuta Nautic Center","description":"Varadero de Ceuta en el coraz\u00f3n del estrecho","publisher":{"@id":"https:\/\/ceutanautic.com\/fr\/#organization"},"potentialAction":[{"@type":"SearchAction","target":{"@type":"EntryPoint","urlTemplate":"https:\/\/ceutanautic.com\/fr\/?s={search_term_string}"},"query-input":{"@type":"PropertyValueSpecification","valueRequired":true,"valueName":"search_term_string"}}],"inLanguage":"fr-FR"},{"@type":"Organization","@id":"https:\/\/ceutanautic.com\/fr\/#organization","name":"Ceuta Nautic Center","url":"https:\/\/ceutanautic.com\/fr\/","logo":{"@type":"ImageObject","inLanguage":"fr-FR","@id":"https:\/\/ceutanautic.com\/fr\/#\/schema\/logo\/image\/","url":"https:\/\/ceutanautic.com\/wp-content\/uploads\/2025\/08\/Ceuta-nautic-center-final_LOGO-CEUTA-NAUTIC-CENTER.svg","contentUrl":"https:\/\/ceutanautic.com\/wp-content\/uploads\/2025\/08\/Ceuta-nautic-center-final_LOGO-CEUTA-NAUTIC-CENTER.svg","width":365,"height":339,"caption":"Ceuta Nautic Center"},"image":{"@id":"https:\/\/ceutanautic.com\/fr\/#\/schema\/logo\/image\/"}}]}},"_links":{"self":[{"href":"https:\/\/ceutanautic.com\/fr\/wp-json\/wp\/v2\/pages\/591","targetHints":{"allow":["GET"]}}],"collection":[{"href":"https:\/\/ceutanautic.com\/fr\/wp-json\/wp\/v2\/pages"}],"about":[{"href":"https:\/\/ceutanautic.com\/fr\/wp-json\/wp\/v2\/types\/page"}],"author":[{"embeddable":true,"href":"https:\/\/ceutanautic.com\/fr\/wp-json\/wp\/v2\/users\/1"}],"replies":[{"embeddable":true,"href":"https:\/\/ceutanautic.com\/fr\/wp-json\/wp\/v2\/comments?post=591"}],"version-history":[{"count":1,"href":"https:\/\/ceutanautic.com\/fr\/wp-json\/wp\/v2\/pages\/591\/revisions"}],"predecessor-version":[{"id":592,"href":"https:\/\/ceutanautic.com\/fr\/wp-json\/wp\/v2\/pages\/591\/revisions\/592"}],"wp:featuredmedia":[{"embeddable":true,"href":"https:\/\/ceutanautic.com\/fr\/wp-json\/wp\/v2\/media\/509"}],"wp:attachment":[{"href":"https:\/\/ceutanautic.com\/fr\/wp-json\/wp\/v2\/media?parent=591"}],"curies":[{"name":"wp","href":"https:\/\/api.w.org\/{rel}","templated":true}]}}