{"id":583,"date":"2025-09-04T17:20:29","date_gmt":"2025-09-04T15:20:29","guid":{"rendered":"https:\/\/ceutanautic.com\/offres\/"},"modified":"2026-04-13T14:37:37","modified_gmt":"2026-04-13T12:37:37","slug":"offres","status":"publish","type":"page","link":"https:\/\/ceutanautic.com\/fr\/offres\/","title":{"rendered":"Offres"},"content":{"rendered":"\t\t<div data-elementor-type=\"wp-page\" data-elementor-id=\"583\" class=\"elementor elementor-583 elementor-77\" data-elementor-post-type=\"page\">\n\t\t\t\t<div class=\"elementor-element elementor-element-4be7b1fe e-con-full e-flex e-con e-parent\" data-id=\"4be7b1fe\" data-element_type=\"container\" data-e-type=\"container\">\n\t\t<div class=\"elementor-element elementor-element-47825342 e-con-full e-flex e-con e-child\" data-id=\"47825342\" data-element_type=\"container\" data-e-type=\"container\">\n\t\t\t\t<div class=\"elementor-element elementor-element-5a6ccdaf animated-slow elementor-invisible elementor-widget elementor-widget-heading\" data-id=\"5a6ccdaf\" data-element_type=\"widget\" data-e-type=\"widget\" data-settings=\"{&quot;_animation&quot;:&quot;fadeInLeft&quot;}\" data-widget_type=\"heading.default\">\n\t\t\t\t\t<h1 class=\"elementor-heading-title elementor-size-default\">Nos offres<\/h1>\t\t\t\t<\/div>\n\t\t\t\t<div class=\"elementor-element elementor-element-131a6556 elementor-widget elementor-widget-text-editor\" data-id=\"131a6556\" data-element_type=\"widget\" data-e-type=\"widget\" data-widget_type=\"text-editor.default\">\n\t\t\t\t\t\t\t\t\t<p>Restez connect\u00e9(e) !<\/p><p>Restez attentif \u00e0 nos canaux de communication : chez Ceuta Nautic Center, nous lan\u00e7ons r\u00e9guli\u00e8rement des offres sur les services d&rsquo;entretien et de mise au point pour votre embarcation.<\/p><p>Profitez de prix sp\u00e9ciaux et gardez votre bateau toujours pr\u00eat \u00e0 naviguer en toute s\u00e9curit\u00e9.<\/p>\t\t\t\t\t\t\t\t<\/div>\n\t\t\t\t<div class=\"elementor-element elementor-element-5993c049 elementor-widget elementor-widget-button\" data-id=\"5993c049\" data-element_type=\"widget\" data-e-type=\"widget\" data-widget_type=\"button.default\">\n\t\t\t\t\t\t\t\t\t\t<a class=\"elementor-button elementor-button-link elementor-size-sm\" href=\"https:\/\/ceutanautic.com\/fr\/contact\/\">\n\t\t\t\t\t\t<span class=\"elementor-button-content-wrapper\">\n\t\t\t\t\t\t\t\t\t<span class=\"elementor-button-text\">Contactez-nous<\/span>\n\t\t\t\t\t<\/span>\n\t\t\t\t\t<\/a>\n\t\t\t\t\t\t\t\t<\/div>\n\t\t\t\t<\/div>\n\t\t<div class=\"elementor-element elementor-element-47873cf2 e-con-full e-flex e-con e-child\" data-id=\"47873cf2\" data-element_type=\"container\" data-e-type=\"container\" data-settings=\"{&quot;background_background&quot;:&quot;classic&quot;}\">\n\t\t\t\t<div class=\"elementor-element elementor-element-581420c3 elementor-widget elementor-widget-spacer\" data-id=\"581420c3\" data-element_type=\"widget\" data-e-type=\"widget\" data-widget_type=\"spacer.default\">\n\t\t\t\t\t\t\t<div class=\"elementor-spacer\">\n\t\t\t<div class=\"elementor-spacer-inner\"><\/div>\n\t\t<\/div>\n\t\t\t\t\t\t<\/div>\n\t\t\t\t<\/div>\n\t\t\t\t<\/div>\n\t\t<div class=\"elementor-element elementor-element-37385f8 e-flex e-con-boxed e-con e-parent\" data-id=\"37385f8\" data-element_type=\"container\" data-e-type=\"container\">\n\t\t\t\t\t<div class=\"e-con-inner\">\n\t\t\t\t<div class=\"elementor-element elementor-element-6aba7051 elementor-headline--style-highlight elementor-widget elementor-widget-animated-headline\" data-id=\"6aba7051\" data-element_type=\"widget\" data-e-type=\"widget\" data-settings=\"{&quot;marker&quot;:&quot;underline&quot;,&quot;highlighted_text&quot;:&quot;actuellement&quot;,&quot;headline_style&quot;:&quot;highlight&quot;,&quot;loop&quot;:&quot;yes&quot;,&quot;highlight_animation_duration&quot;:1200,&quot;highlight_iteration_delay&quot;:8000}\" data-widget_type=\"animated-headline.default\">\n\t\t\t\t\t\t\t<h3 class=\"elementor-headline\">\n\t\t\t\t\t<span class=\"elementor-headline-plain-text elementor-headline-text-wrapper\">Nos offres <br><\/span>\n\t\t\t\t<span class=\"elementor-headline-dynamic-wrapper elementor-headline-text-wrapper\">\n\t\t\t\t\t<span class=\"elementor-headline-dynamic-text elementor-headline-text-active\">actuellement<\/span>\n\t\t\t\t<\/span>\n\t\t\t\t<\/h3>\n\t\t\t\t\t\t<\/div>\n\t\t<div class=\"elementor-element elementor-element-5083b9ab e-con-full animated-slow e-flex elementor-invisible e-con e-child\" data-id=\"5083b9ab\" data-element_type=\"container\" data-e-type=\"container\" data-settings=\"{&quot;animation&quot;:&quot;fadeInUp&quot;}\">\n\t\t<div class=\"elementor-element elementor-element-babc8f2 e-con-full e-flex e-con e-child\" data-id=\"babc8f2\" data-element_type=\"container\" data-e-type=\"container\" data-settings=\"{&quot;background_background&quot;:&quot;classic&quot;,&quot;animation_mobile&quot;:&quot;none&quot;}\">\n\t\t\t\t<div class=\"elementor-element elementor-element-122333e elementor-widget elementor-widget-heading\" data-id=\"122333e\" data-element_type=\"widget\" data-e-type=\"widget\" data-widget_type=\"heading.default\">\n\t\t\t\t\t<h3 class=\"elementor-heading-title elementor-size-default\">Jusqu'\u00e0 <span style=\"font-size: 5rem\">30 %<\/span> de r\u00e9duction de base<\/h3>\t\t\t\t<\/div>\n\t\t\t\t<div class=\"elementor-element elementor-element-8787cdf elementor-widget elementor-widget-heading\" data-id=\"8787cdf\" data-element_type=\"widget\" data-e-type=\"widget\" data-widget_type=\"heading.default\">\n\t\t\t\t\t<p class=\"elementor-heading-title elementor-size-default\">sur l'entretien des bateaux de <b>moins de 6 m\u00e8tres<\/b><\/p>\t\t\t\t<\/div>\n\t\t\t\t<div class=\"elementor-element elementor-element-3aef95c elementor-widget elementor-widget-text-editor\" data-id=\"3aef95c\" data-element_type=\"widget\" data-e-type=\"widget\" data-widget_type=\"text-editor.default\">\n\t\t\t\t\t\t\t\t\t<p><strong>Comprend<\/strong> :<\/p><p>Mise \u00e0 sec\/Mise \u00e0 l&rsquo;eau<\/p><p>Nettoyage haute pression<\/p><p>Antifouling Hempel<\/p>\t\t\t\t\t\t\t\t<\/div>\n\t\t\t\t<\/div>\n\t\t<div class=\"elementor-element elementor-element-73bdc139 e-con-full animated-slow e-flex e-con e-child\" data-id=\"73bdc139\" data-element_type=\"container\" data-e-type=\"container\" data-settings=\"{&quot;background_background&quot;:&quot;classic&quot;,&quot;animation&quot;:&quot;none&quot;,&quot;animation_tablet&quot;:&quot;none&quot;,&quot;animation_mobile&quot;:&quot;none&quot;}\">\n\t\t\t\t<div class=\"elementor-element elementor-element-57bf240e elementor-widget elementor-widget-heading\" data-id=\"57bf240e\" data-element_type=\"widget\" data-e-type=\"widget\" data-widget_type=\"heading.default\">\n\t\t\t\t\t<h4 class=\"elementor-heading-title elementor-size-default\">15%  <\/h4>\t\t\t\t<\/div>\n\t\t\t\t<div class=\"elementor-element elementor-element-ac96b69 elementor-widget elementor-widget-heading\" data-id=\"ac96b69\" data-element_type=\"widget\" data-e-type=\"widget\" data-widget_type=\"heading.default\">\n\t\t\t\t\t<h4 class=\"elementor-heading-title elementor-size-default\">de r\u00e9duction<\/h4>\t\t\t\t<\/div>\n\t\t\t\t<div class=\"elementor-element elementor-element-9185cba elementor-widget elementor-widget-heading\" data-id=\"9185cba\" data-element_type=\"widget\" data-e-type=\"widget\" data-widget_type=\"heading.default\">\n\t\t\t\t\t<p class=\"elementor-heading-title elementor-size-default\">sur tous les travaux de chantier naval pour les clients de base<\/p>\t\t\t\t<\/div>\n\t\t\t\t<\/div>\n\t\t\t\t<\/div>\n\t\t<div class=\"elementor-element elementor-element-271be4b e-con-full animated-slow e-flex elementor-invisible e-con e-child\" data-id=\"271be4b\" data-element_type=\"container\" data-e-type=\"container\" data-settings=\"{&quot;animation&quot;:&quot;fadeInUp&quot;}\">\n\t\t<div class=\"elementor-element elementor-element-7d626a3 e-con-full e-flex e-con e-child\" data-id=\"7d626a3\" data-element_type=\"container\" data-e-type=\"container\" data-settings=\"{&quot;background_background&quot;:&quot;classic&quot;,&quot;animation_mobile&quot;:&quot;none&quot;}\">\n\t\t\t\t<div class=\"elementor-element elementor-element-0e6ade0 elementor-widget elementor-widget-heading\" data-id=\"0e6ade0\" data-element_type=\"widget\" data-e-type=\"widget\" data-widget_type=\"heading.default\">\n\t\t\t\t\t<h3 class=\"elementor-heading-title elementor-size-default\">Jusqu'\u00e0 <span style=\"font-size: 5rem\"> 40 % <\/span>de r\u00e9duction<\/h3>\t\t\t\t<\/div>\n\t\t\t\t<div class=\"elementor-element elementor-element-572dd06 elementor-widget elementor-widget-heading\" data-id=\"572dd06\" data-element_type=\"widget\" data-e-type=\"widget\" data-widget_type=\"heading.default\">\n\t\t\t\t\t<p class=\"elementor-heading-title elementor-size-default\">sur le polissage et le lustrage de la coque de votre embarcation<\/p>\t\t\t\t<\/div>\n\t\t\t\t<\/div>\n\t\t<div class=\"elementor-element elementor-element-07adfd7 e-con-full e-flex e-con e-child\" data-id=\"07adfd7\" data-element_type=\"container\" data-e-type=\"container\" data-settings=\"{&quot;background_background&quot;:&quot;classic&quot;,&quot;animation_mobile&quot;:&quot;none&quot;}\">\n\t\t\t\t<div class=\"elementor-element elementor-element-f640718 elementor-widget elementor-widget-heading\" data-id=\"f640718\" data-element_type=\"widget\" data-e-type=\"widget\" data-widget_type=\"heading.default\">\n\t\t\t\t\t<p class=\"elementor-heading-title elementor-size-default\">Donnez un nouveau look \u00e0 votre bateau !<\/p>\t\t\t\t<\/div>\n\t\t\t\t<div class=\"elementor-element elementor-element-6ae7816 elementor-widget elementor-widget-heading\" data-id=\"6ae7816\" data-element_type=\"widget\" data-e-type=\"widget\" data-widget_type=\"heading.default\">\n\t\t\t\t\t<h3 class=\"elementor-heading-title elementor-size-default\">Jusqu'\u00e0 <span style=\"font-size: 5rem\"> 30 % <\/span>de r\u00e9duction<\/h3>\t\t\t\t<\/div>\n\t\t\t\t<div class=\"elementor-element elementor-element-29a1fba elementor-widget elementor-widget-heading\" data-id=\"29a1fba\" data-element_type=\"widget\" data-e-type=\"widget\" data-widget_type=\"heading.default\">\n\t\t\t\t\t<p class=\"elementor-heading-title elementor-size-default\">pour peindre votre embarcation<\/p>\t\t\t\t<\/div>\n\t\t\t\t<\/div>\n\t\t\t\t<\/div>\n\t\t\t\t\t<\/div>\n\t\t\t\t<\/div>\n\t\t<div class=\"elementor-element elementor-element-58263198 e-flex e-con-boxed e-con e-parent\" data-id=\"58263198\" data-element_type=\"container\" data-e-type=\"container\" data-settings=\"{&quot;background_background&quot;:&quot;classic&quot;}\">\n\t\t\t\t\t<div class=\"e-con-inner\">\n\t\t<div class=\"elementor-element elementor-element-38823ba e-con-full e-flex e-con e-child\" data-id=\"38823ba\" data-element_type=\"container\" data-e-type=\"container\">\n\t\t\t\t<div class=\"elementor-element elementor-element-4299461 animated-slow elementor-invisible elementor-widget elementor-widget-heading\" data-id=\"4299461\" data-element_type=\"widget\" data-e-type=\"widget\" data-settings=\"{&quot;_animation&quot;:&quot;fadeInLeft&quot;}\" data-widget_type=\"heading.default\">\n\t\t\t\t\t<h4 class=\"elementor-heading-title elementor-size-default\">Si vous souhaitez r\u00e9server un service de chantier naval avec nous, nous vous invitons \u00e0 remplir notre formulaire.<\/h4>\t\t\t\t<\/div>\n\t\t\t\t<div class=\"elementor-element elementor-element-4f9422fc elementor-widget__width-inherit elementor-align-center elementor-widget elementor-widget-button\" data-id=\"4f9422fc\" data-element_type=\"widget\" data-e-type=\"widget\" data-widget_type=\"button.default\">\n\t\t\t\t\t\t\t\t\t\t<a class=\"elementor-button elementor-button-link elementor-size-sm\" href=\"https:\/\/ceutanautic.com\/fr\/reservations\/\" target=\"_blank\">\n\t\t\t\t\t\t<span class=\"elementor-button-content-wrapper\">\n\t\t\t\t\t\t\t\t\t<span class=\"elementor-button-text\">R\u00e9server maintenant<\/span>\n\t\t\t\t\t<\/span>\n\t\t\t\t\t<\/a>\n\t\t\t\t\t\t\t\t<\/div>\n\t\t\t\t<\/div>\n\t\t\t\t\t<\/div>\n\t\t\t\t<\/div>\n\t\t\t\t<\/div>\n\t\t","protected":false},"excerpt":{"rendered":"<p>Chez Ceuta Nautic Center, nous lan\u00e7ons r\u00e9guli\u00e8rement des offres sur les services de chantier naval. Pr\u00e9parez votre bateau \u00e0 naviguer \u00e0 des prix sp\u00e9ciaux. <\/p>\n","protected":false},"author":1,"featured_media":505,"parent":0,"menu_order":0,"comment_status":"closed","ping_status":"closed","template":"elementor_header_footer","meta":{"footnotes":""},"class_list":["post-583","page","type-page","status-publish","has-post-thumbnail","hentry"],"yoast_head":"<!-- This site is optimized with the Yoast SEO plugin v27.3 - https:\/\/yoast.com\/product\/yoast-seo-wordpress\/ -->\n<title>Offres - Ceuta Nautic Center<\/title>\n<meta name=\"description\" content=\"Chez Ceuta Nautic Center, nous lan\u00e7ons r\u00e9guli\u00e8rement des offres sur les services de chantier naval. Pr\u00e9parez votre bateau \u00e0 naviguer \u00e0 des prix sp\u00e9ciaux.\" \/>\n<meta name=\"robots\" content=\"index, follow, max-snippet:-1, max-image-preview:large, max-video-preview:-1\" \/>\n<link rel=\"canonical\" href=\"https:\/\/ceutanautic.com\/fr\/offres\/\" \/>\n<meta property=\"og:locale\" content=\"fr_FR\" \/>\n<meta property=\"og:type\" content=\"article\" \/>\n<meta property=\"og:title\" content=\"Offres - Ceuta Nautic Center\" \/>\n<meta property=\"og:description\" content=\"Chez Ceuta Nautic Center, nous lan\u00e7ons r\u00e9guli\u00e8rement des offres sur les services de chantier naval. Pr\u00e9parez votre bateau \u00e0 naviguer \u00e0 des prix sp\u00e9ciaux.\" \/>\n<meta property=\"og:url\" content=\"https:\/\/ceutanautic.com\/fr\/offres\/\" \/>\n<meta property=\"og:site_name\" content=\"Ceuta Nautic Center\" \/>\n<meta property=\"article:modified_time\" content=\"2026-04-13T12:37:37+00:00\" \/>\n<meta property=\"og:image\" content=\"https:\/\/ceutanautic.com\/wp-content\/uploads\/2025\/09\/Servicios-home.jpg\" \/>\n\t<meta property=\"og:image:width\" content=\"642\" \/>\n\t<meta property=\"og:image:height\" content=\"541\" \/>\n\t<meta property=\"og:image:type\" content=\"image\/jpeg\" \/>\n<meta name=\"twitter:card\" content=\"summary_large_image\" \/>\n<meta name=\"twitter:label1\" content=\"Dur\u00e9e de lecture estim\u00e9e\" \/>\n\t<meta name=\"twitter:data1\" content=\"1 minute\" \/>\n<script type=\"application\/ld+json\" class=\"yoast-schema-graph\">{\"@context\":\"https:\\\/\\\/schema.org\",\"@graph\":[{\"@type\":\"WebPage\",\"@id\":\"https:\\\/\\\/ceutanautic.com\\\/fr\\\/offres\\\/\",\"url\":\"https:\\\/\\\/ceutanautic.com\\\/fr\\\/offres\\\/\",\"name\":\"Offres - Ceuta Nautic Center\",\"isPartOf\":{\"@id\":\"https:\\\/\\\/ceutanautic.com\\\/fr\\\/#website\"},\"primaryImageOfPage\":{\"@id\":\"https:\\\/\\\/ceutanautic.com\\\/fr\\\/offres\\\/#primaryimage\"},\"image\":{\"@id\":\"https:\\\/\\\/ceutanautic.com\\\/fr\\\/offres\\\/#primaryimage\"},\"thumbnailUrl\":\"https:\\\/\\\/ceutanautic.com\\\/wp-content\\\/uploads\\\/2025\\\/09\\\/Servicios-home.jpg\",\"datePublished\":\"2025-09-04T15:20:29+00:00\",\"dateModified\":\"2026-04-13T12:37:37+00:00\",\"description\":\"Chez Ceuta Nautic Center, nous lan\u00e7ons r\u00e9guli\u00e8rement des offres sur les services de chantier naval. Pr\u00e9parez votre bateau \u00e0 naviguer \u00e0 des prix sp\u00e9ciaux.\",\"breadcrumb\":{\"@id\":\"https:\\\/\\\/ceutanautic.com\\\/fr\\\/offres\\\/#breadcrumb\"},\"inLanguage\":\"fr-FR\",\"potentialAction\":[{\"@type\":\"ReadAction\",\"target\":[\"https:\\\/\\\/ceutanautic.com\\\/fr\\\/offres\\\/\"]}]},{\"@type\":\"ImageObject\",\"inLanguage\":\"fr-FR\",\"@id\":\"https:\\\/\\\/ceutanautic.com\\\/fr\\\/offres\\\/#primaryimage\",\"url\":\"https:\\\/\\\/ceutanautic.com\\\/wp-content\\\/uploads\\\/2025\\\/09\\\/Servicios-home.jpg\",\"contentUrl\":\"https:\\\/\\\/ceutanautic.com\\\/wp-content\\\/uploads\\\/2025\\\/09\\\/Servicios-home.jpg\",\"width\":642,\"height\":541,\"caption\":\"Offres Ceuta Nautic Center\"},{\"@type\":\"BreadcrumbList\",\"@id\":\"https:\\\/\\\/ceutanautic.com\\\/fr\\\/offres\\\/#breadcrumb\",\"itemListElement\":[{\"@type\":\"ListItem\",\"position\":1,\"name\":\"Portada\",\"item\":\"https:\\\/\\\/ceutanautic.com\\\/fr\\\/accueil\\\/\"},{\"@type\":\"ListItem\",\"position\":2,\"name\":\"Offres\"}]},{\"@type\":\"WebSite\",\"@id\":\"https:\\\/\\\/ceutanautic.com\\\/fr\\\/#website\",\"url\":\"https:\\\/\\\/ceutanautic.com\\\/fr\\\/\",\"name\":\"Ceuta Nautic Center\",\"description\":\"Varadero de Ceuta en el coraz\u00f3n del estrecho\",\"publisher\":{\"@id\":\"https:\\\/\\\/ceutanautic.com\\\/fr\\\/#organization\"},\"potentialAction\":[{\"@type\":\"SearchAction\",\"target\":{\"@type\":\"EntryPoint\",\"urlTemplate\":\"https:\\\/\\\/ceutanautic.com\\\/fr\\\/?s={search_term_string}\"},\"query-input\":{\"@type\":\"PropertyValueSpecification\",\"valueRequired\":true,\"valueName\":\"search_term_string\"}}],\"inLanguage\":\"fr-FR\"},{\"@type\":\"Organization\",\"@id\":\"https:\\\/\\\/ceutanautic.com\\\/fr\\\/#organization\",\"name\":\"Ceuta Nautic Center\",\"url\":\"https:\\\/\\\/ceutanautic.com\\\/fr\\\/\",\"logo\":{\"@type\":\"ImageObject\",\"inLanguage\":\"fr-FR\",\"@id\":\"https:\\\/\\\/ceutanautic.com\\\/fr\\\/#\\\/schema\\\/logo\\\/image\\\/\",\"url\":\"https:\\\/\\\/ceutanautic.com\\\/wp-content\\\/uploads\\\/2025\\\/08\\\/Ceuta-nautic-center-final_LOGO-CEUTA-NAUTIC-CENTER.svg\",\"contentUrl\":\"https:\\\/\\\/ceutanautic.com\\\/wp-content\\\/uploads\\\/2025\\\/08\\\/Ceuta-nautic-center-final_LOGO-CEUTA-NAUTIC-CENTER.svg\",\"width\":365,\"height\":339,\"caption\":\"Ceuta Nautic Center\"},\"image\":{\"@id\":\"https:\\\/\\\/ceutanautic.com\\\/fr\\\/#\\\/schema\\\/logo\\\/image\\\/\"}}]}<\/script>\n<!-- \/ Yoast SEO plugin. -->","yoast_head_json":{"title":"Offres - Ceuta Nautic Center","description":"Chez Ceuta Nautic Center, nous lan\u00e7ons r\u00e9guli\u00e8rement des offres sur les services de chantier naval. Pr\u00e9parez votre bateau \u00e0 naviguer \u00e0 des prix sp\u00e9ciaux.","robots":{"index":"index","follow":"follow","max-snippet":"max-snippet:-1","max-image-preview":"max-image-preview:large","max-video-preview":"max-video-preview:-1"},"canonical":"https:\/\/ceutanautic.com\/fr\/offres\/","og_locale":"fr_FR","og_type":"article","og_title":"Offres - Ceuta Nautic Center","og_description":"Chez Ceuta Nautic Center, nous lan\u00e7ons r\u00e9guli\u00e8rement des offres sur les services de chantier naval. Pr\u00e9parez votre bateau \u00e0 naviguer \u00e0 des prix sp\u00e9ciaux.","og_url":"https:\/\/ceutanautic.com\/fr\/offres\/","og_site_name":"Ceuta Nautic Center","article_modified_time":"2026-04-13T12:37:37+00:00","og_image":[{"width":642,"height":541,"url":"https:\/\/ceutanautic.com\/wp-content\/uploads\/2025\/09\/Servicios-home.jpg","type":"image\/jpeg"}],"twitter_card":"summary_large_image","twitter_misc":{"Dur\u00e9e de lecture estim\u00e9e":"1 minute"},"schema":{"@context":"https:\/\/schema.org","@graph":[{"@type":"WebPage","@id":"https:\/\/ceutanautic.com\/fr\/offres\/","url":"https:\/\/ceutanautic.com\/fr\/offres\/","name":"Offres - Ceuta Nautic Center","isPartOf":{"@id":"https:\/\/ceutanautic.com\/fr\/#website"},"primaryImageOfPage":{"@id":"https:\/\/ceutanautic.com\/fr\/offres\/#primaryimage"},"image":{"@id":"https:\/\/ceutanautic.com\/fr\/offres\/#primaryimage"},"thumbnailUrl":"https:\/\/ceutanautic.com\/wp-content\/uploads\/2025\/09\/Servicios-home.jpg","datePublished":"2025-09-04T15:20:29+00:00","dateModified":"2026-04-13T12:37:37+00:00","description":"Chez Ceuta Nautic Center, nous lan\u00e7ons r\u00e9guli\u00e8rement des offres sur les services de chantier naval. Pr\u00e9parez votre bateau \u00e0 naviguer \u00e0 des prix sp\u00e9ciaux.","breadcrumb":{"@id":"https:\/\/ceutanautic.com\/fr\/offres\/#breadcrumb"},"inLanguage":"fr-FR","potentialAction":[{"@type":"ReadAction","target":["https:\/\/ceutanautic.com\/fr\/offres\/"]}]},{"@type":"ImageObject","inLanguage":"fr-FR","@id":"https:\/\/ceutanautic.com\/fr\/offres\/#primaryimage","url":"https:\/\/ceutanautic.com\/wp-content\/uploads\/2025\/09\/Servicios-home.jpg","contentUrl":"https:\/\/ceutanautic.com\/wp-content\/uploads\/2025\/09\/Servicios-home.jpg","width":642,"height":541,"caption":"Offres Ceuta Nautic Center"},{"@type":"BreadcrumbList","@id":"https:\/\/ceutanautic.com\/fr\/offres\/#breadcrumb","itemListElement":[{"@type":"ListItem","position":1,"name":"Portada","item":"https:\/\/ceutanautic.com\/fr\/accueil\/"},{"@type":"ListItem","position":2,"name":"Offres"}]},{"@type":"WebSite","@id":"https:\/\/ceutanautic.com\/fr\/#website","url":"https:\/\/ceutanautic.com\/fr\/","name":"Ceuta Nautic Center","description":"Varadero de Ceuta en el coraz\u00f3n del estrecho","publisher":{"@id":"https:\/\/ceutanautic.com\/fr\/#organization"},"potentialAction":[{"@type":"SearchAction","target":{"@type":"EntryPoint","urlTemplate":"https:\/\/ceutanautic.com\/fr\/?s={search_term_string}"},"query-input":{"@type":"PropertyValueSpecification","valueRequired":true,"valueName":"search_term_string"}}],"inLanguage":"fr-FR"},{"@type":"Organization","@id":"https:\/\/ceutanautic.com\/fr\/#organization","name":"Ceuta Nautic Center","url":"https:\/\/ceutanautic.com\/fr\/","logo":{"@type":"ImageObject","inLanguage":"fr-FR","@id":"https:\/\/ceutanautic.com\/fr\/#\/schema\/logo\/image\/","url":"https:\/\/ceutanautic.com\/wp-content\/uploads\/2025\/08\/Ceuta-nautic-center-final_LOGO-CEUTA-NAUTIC-CENTER.svg","contentUrl":"https:\/\/ceutanautic.com\/wp-content\/uploads\/2025\/08\/Ceuta-nautic-center-final_LOGO-CEUTA-NAUTIC-CENTER.svg","width":365,"height":339,"caption":"Ceuta Nautic Center"},"image":{"@id":"https:\/\/ceutanautic.com\/fr\/#\/schema\/logo\/image\/"}}]}},"_links":{"self":[{"href":"https:\/\/ceutanautic.com\/fr\/wp-json\/wp\/v2\/pages\/583","targetHints":{"allow":["GET"]}}],"collection":[{"href":"https:\/\/ceutanautic.com\/fr\/wp-json\/wp\/v2\/pages"}],"about":[{"href":"https:\/\/ceutanautic.com\/fr\/wp-json\/wp\/v2\/types\/page"}],"author":[{"embeddable":true,"href":"https:\/\/ceutanautic.com\/fr\/wp-json\/wp\/v2\/users\/1"}],"replies":[{"embeddable":true,"href":"https:\/\/ceutanautic.com\/fr\/wp-json\/wp\/v2\/comments?post=583"}],"version-history":[{"count":6,"href":"https:\/\/ceutanautic.com\/fr\/wp-json\/wp\/v2\/pages\/583\/revisions"}],"predecessor-version":[{"id":768,"href":"https:\/\/ceutanautic.com\/fr\/wp-json\/wp\/v2\/pages\/583\/revisions\/768"}],"wp:featuredmedia":[{"embeddable":true,"href":"https:\/\/ceutanautic.com\/fr\/wp-json\/wp\/v2\/media\/505"}],"wp:attachment":[{"href":"https:\/\/ceutanautic.com\/fr\/wp-json\/wp\/v2\/media?parent=583"}],"curies":[{"name":"wp","href":"https:\/\/api.w.org\/{rel}","templated":true}]}}